{"id":643,"date":"2019-12-04T11:51:56","date_gmt":"2019-12-04T10:51:56","guid":{"rendered":"https:\/\/hawai.li\/apprentissage\/presse\/"},"modified":"2022-12-13T15:44:47","modified_gmt":"2022-12-13T14:44:47","slug":"medien","status":"publish","type":"page","link":"https:\/\/expo-apprentissage.ch\/de\/medien\/","title":{"rendered":"Medien"},"content":{"rendered":"\n<h2 class=\"wp-block-heading\">Pressespiegel 2022<\/h2>\n\n\n\n<p><strong>November 2022 <\/strong><\/p>\n\n\n\n<p><a href=\"https:\/\/expo-apprentissage.ch\/wp-content\/uploads\/2022\/11\/RadioLac-25.11.22_BDu-part-1.mp3\" target=\"_blank\" rel=\"noreferrer noopener\">&#8222;La semaine finit bien&#8220; Cit\u00e9 des m\u00e9tiers &#8211; part 1. RadioLac, 25 novembre 2022<\/a><\/p>\n\n\n\n<p><a href=\"https:\/\/expo-apprentissage.ch\/wp-content\/uploads\/2022\/11\/RadioLac-25.11.22_BDu-part-2.mp3\" target=\"_blank\" rel=\"noreferrer noopener\">&#8222;La semaine finit bien&#8220; Cit\u00e9 des m\u00e9tiers &#8211; part 2. RadioLac, 25 novembre 2022<\/a><\/p>\n\n\n\n<p><a href=\"https:\/\/expo-apprentissage.ch\/wp-content\/uploads\/2022\/11\/Heidinews_22.11.22.pdf\" target=\"_blank\" rel=\"noreferrer noopener\">Heidi.News, 22 novembre 2022<\/a><\/p>\n\n\n\n<p><a href=\"https:\/\/expo-apprentissage.ch\/wp-content\/uploads\/2022\/11\/RadioLac_22.11.22_NLa.mp3\" target=\"_blank\" rel=\"noreferrer noopener\">&#8222;Il suffit de demander&#8220; Cit\u00e9 des m\u00e9tiers. RadioLac, 22 novembre 2022<\/a><\/p>\n\n\n\n<p><strong>October 2022<\/strong><\/p>\n\n\n\n<p><a href=\"https:\/\/expo-apprentissage.ch\/wp-content\/uploads\/2022\/10\/Vacarme-du-09-10-2022-1.mp3\" target=\"_blank\" rel=\"noreferrer noopener\">Les Echos de Vacarme, Radio Suisse Romande, 9. October 2022<\/a><\/p>\n\n\n\n<p><strong>September 2022<\/strong><\/p>\n\n\n\n<p><a href=\"https:\/\/expo-apprentissage.ch\/wp-content\/uploads\/2022\/09\/RTS-12.30_7.9.22.mp3\" target=\"_blank\" rel=\"noreferrer noopener\">Le 12H30, Radio Suisse Romande, 7. September 2022<\/a><\/p>\n\n\n\n<p><a href=\"https:\/\/www.panorama.ch\/de\/21\/Ausgabe\/2022\/14\/Meldungen.htm#Meldung-47625\" target=\"_blank\" rel=\"noreferrer noopener\">Panorama, 1. September 2022<\/a><\/p>\n\n\n\n<p><strong>April 2022<\/strong><\/p>\n\n\n\n<p><a href=\"https:\/\/expo-apprentissage.ch\/wp-content\/uploads\/2022\/04\/La-Matinale-du-06-04-2022.mp3\" target=\"_blank\" rel=\"noreferrer noopener\">La Matinale, Radio Suisse Romande, 6 avril 2022<\/a><\/p>\n\n\n\n<p><strong>M\u00e4rz 2022<\/strong><\/p>\n\n\n\n<p><a href=\"https:\/\/expo-apprentissage.ch\/wp-content\/uploads\/2022\/05\/HR-Today-S.34-35_30.3.22_Lamamra_2_22.pdf\" target=\"_blank\" rel=\"noreferrer noopener\">HR Today, 30 mars 2022<\/a><\/p>\n\n\n\n<p><a href=\"https:\/\/expo-apprentissage.ch\/wp-content\/uploads\/2022\/04\/Une-exposition-pour-se-plonger-dans-la-formation-Canal-Alp.mp4\" target=\"_blank\" rel=\"noreferrer noopener\">Canal Alpha, 23 mars 2022<\/a><\/p>\n\n\n\n<p><a href=\"https:\/\/expo-apprentissage.ch\/wp-content\/uploads\/2022\/04\/JJ-22_03_24-Jeudi-12-Salon-SGO-JouJURA.pdf\" target=\"_blank\" rel=\"noreferrer noopener\">Journal du Jura, 24 mars 2022<\/a><\/p>\n\n\n\n<p><a href=\"https:\/\/expo-apprentissage.ch\/wp-content\/uploads\/2022\/04\/Journal-du-Jura_Supplement-Salon-2022_18.3.22.pdf\" target=\"_blank\" rel=\"noreferrer noopener\">Journal du Jura, Suppl\u00e9ment Salon 2022, 18. M\u00e4rz 2022<\/a><\/p>\n\n\n\n<p><a href=\"https:\/\/expo-apprentissage.ch\/wp-content\/uploads\/2022\/03\/Journal-du-Jura_16-mars-2022.jpg\" target=\"_blank\" rel=\"noreferrer noopener\">Journal du Jura, 16. M\u00e4rz 2022<\/a><\/p>\n\n\n\n<p><a href=\"https:\/\/expo-apprentissage.ch\/wp-content\/uploads\/2022\/03\/RJB_Un-retour-et-des-nouveautes-pour-le-Salon-interjurassien-de-la-formation.pdf\" target=\"_blank\" rel=\"noreferrer noopener\">Radio RJB, 11. M\u00e4rz 2022<\/a><\/p>\n\n\n\n<p><a href=\"https:\/\/expo-apprentissage.ch\/wp-content\/uploads\/2022\/03\/RJB_-Audios-reunis.mp3\">Radio RJB, Audio-Interview vom 11. M\u00e4rz 2022<\/a><\/p>\n\n\n\n<p><strong>Februar 2022<\/strong><\/p>\n\n\n\n<p><a href=\"https:\/\/expo-apprentissage.ch\/wp-content\/uploads\/2022\/02\/La-foire-aux-metiers-attire-la-foule-La-Liberte140222.pdf\">La Libert\u00e9, 14. Februar 2022<\/a><\/p>\n\n\n\n<p><a href=\"https:\/\/frapp.ch\/de\/articles\/stories\/corona-mudigkeit-bei-der-lehrstellen-suche\" target=\"_blank\" rel=\"noreferrer noopener\">Frapp, RadioFr, 9. Februar 2022<\/a><\/p>\n\n\n\n<p><a href=\"https:\/\/expo-apprentissage.ch\/wp-content\/uploads\/2022\/02\/Les-ecueils-qui-guettent-les-apprentis-La-Liberte080222.pdf\">La Libert\u00e9, 8. Februar 2022<\/a><\/p>\n\n\n\n<p><\/p>\n\n\n\n<h2 class=\"wp-block-heading\">Pressespiegel 2021<\/h2>\n\n\n\n<p><strong>November 2021<\/strong><\/p>\n\n\n\n<p><a href=\"https:\/\/expo-apprentissage.ch\/wp-content\/uploads\/2021\/11\/Entreprise-romande.pdf\">Entreprise romande, 26. November 2021<\/a> <\/p>\n\n\n\n<p><a href=\"https:\/\/expo-apprentissage.ch\/wp-content\/uploads\/2021\/11\/Perpectives.pdf\">Perpectives, 20-21. November 2021<\/a><\/p>\n\n\n\n<p><a href=\"https:\/\/expo-apprentissage.ch\/wp-content\/uploads\/2021\/11\/heidi-news.pdf\">HEIDI News, 18. November 2021<\/a> <\/p>\n\n\n\n<p><a href=\"https:\/\/expo-apprentissage.ch\/wp-content\/uploads\/2022\/03\/Le-12h30-du-18-11-2021.mp3\">RTS, Le 12H30, 18. Novembre 2021<\/a><\/p>\n\n\n\n<p><a href=\"https:\/\/expo-apprentissage.ch\/wp-content\/uploads\/2021\/11\/Supplement-salon-metier-24H-scaled.jpg\">24H, 13-14. November 2021<\/a><\/p>\n\n\n\n<p><a href=\"https:\/\/expo-apprentissage.ch\/wp-content\/uploads\/2021\/11\/La-Region_11.11.21-1.pdf\">La R\u00e9gion, 11. November 2021<\/a><\/p>\n\n\n\n<p><a href=\"http:\/\/link.metiersformation.ch\/dispatcher\/service?ac=pws&amp;m=12211111050254624483&amp;si=411937212266816138&amp;ppre#\">Communiqu\u00e9 de presse du Salon des m\u00e9tiers et de la formation &#8211; Lausanne, 11. November 2021<\/a><\/p>\n\n\n\n<p><a href=\"https:\/\/expo-apprentissage.ch\/wp-content\/uploads\/2021\/11\/AGEFI_5.11.21.pdf\">AGEFI, 5. November 2021<\/a><\/p>\n\n\n\n<p><a href=\"https:\/\/expo-apprentissage.ch\/wp-content\/uploads\/2021\/11\/24H-SUPPLEMENT_VFO_2021-11-05.pdf\">24H, suppl\u00e9ment Formation, 5. November 2021<\/a><\/p>\n\n\n\n<p><a href=\"https:\/\/expo-apprentissage.ch\/wp-content\/uploads\/2021\/11\/20211002_Communique-presse_table-ronde-salon-metiers-lausanne.pdf\">Communiqu\u00e9 de presse Salon des m\u00e9tiers et de la formation \u00e0 Lausanne, 1. November 2021<\/a><\/p>\n\n\n\n<h4 class=\"wp-block-heading\">October 2021<\/h4>\n\n\n\n<p><a href=\"https:\/\/expo-apprentissage.ch\/wp-content\/uploads\/2021\/10\/MM-Entretien_N.-Lamamra-2.pdf\">Migros Magazine [Edition papier], 18. Oktober 2021<\/a><\/p>\n\n\n\n<p><a href=\"https:\/\/expo-apprentissage.ch\/wp-content\/uploads\/2021\/10\/MM-online.pdf\">Migros Magazine [Online], 15. Oktober 2021<\/a><\/p>\n\n\n\n<h4 class=\"wp-block-heading\">Juni 2021<\/h4>\n\n\n\n<p><a href=\"https:\/\/expo-apprentissage.ch\/wp-content\/uploads\/2021\/07\/LEvenement-syndical_16.06.21.pdf\" target=\"_blank\" rel=\"noreferrer noopener\">L&#8217;Ev\u00e9nement syndical, 16. Juni 2021<\/a><\/p>\n\n\n\n<div class=\"wp-block-file\"><a id=\"wp-block-file--media-e45ed070-ccda-43d5-b67e-c773eee19d24\" href=\"https:\/\/expo-apprentissage.ch\/wp-content\/uploads\/2021\/06\/24H_TG.pdf\">Zuschlag 24 Heures \/ Tribune de Gen\u00e8ve, 10. Juni 2021 <\/a><a href=\"https:\/\/expo-apprentissage.ch\/wp-content\/uploads\/2021\/06\/24H_TG.pdf\" class=\"wp-block-file__button wp-element-button\" download aria-describedby=\"wp-block-file--media-e45ed070-ccda-43d5-b67e-c773eee19d24\">Artikel<\/a><\/div>\n\n\n\n<div class=\"wp-block-file\"><a id=\"wp-block-file--media-66934245-9fd9-49ed-89a1-39fc56a00b27\" href=\"https:\/\/expo-apprentissage.ch\/wp-content\/uploads\/2021\/06\/Reiso.pdf\" target=\"_blank\" rel=\"noreferrer noopener\">Revue d&#8217;information sociale, REISO.org, 4. Juni 2021<\/a><a href=\"https:\/\/expo-apprentissage.ch\/wp-content\/uploads\/2021\/06\/Reiso.pdf\" class=\"wp-block-file__button wp-element-button\" download aria-describedby=\"wp-block-file--media-66934245-9fd9-49ed-89a1-39fc56a00b27\">Artikel<\/a><\/div>\n\n\n\n<div class=\"wp-block-file\"><a id=\"wp-block-file--media-a1127d66-aba8-4d9b-b456-32d6b39d89c1\" href=\"https:\/\/expo-apprentissage.ch\/wp-content\/uploads\/2021\/06\/WWW_Madame_Lamamra-2.mp3\">World Wide What, Canal3 Biel, 1. Juni 2021<\/a><a href=\"https:\/\/expo-apprentissage.ch\/wp-content\/uploads\/2021\/06\/WWW_Madame_Lamamra-2.mp3\" class=\"wp-block-file__button wp-element-button\" download aria-describedby=\"wp-block-file--media-a1127d66-aba8-4d9b-b456-32d6b39d89c1\">Interview<\/a><\/div>\n\n\n\n<h4 class=\"wp-block-heading\">Mai 2021<\/h4>\n\n\n\n<div class=\"wp-block-file\"><a id=\"wp-block-file--media-89e74ac8-02fa-47b5-9775-732f5a2f5c4b\" href=\"https:\/\/expo-apprentissage.ch\/wp-content\/uploads\/2021\/05\/Communique-de-presse-Expo3D_-IFFP-College-du-travail.pdf\">Communiqu\u00e9 de presse \u00ab Une exposition virtuelle pour exp\u00e9rimenter un parcours en formation professionnelle duale \u00bb<\/a><a href=\"https:\/\/expo-apprentissage.ch\/wp-content\/uploads\/2021\/05\/Communique-de-presse-Expo3D_-IFFP-College-du-travail.pdf\" class=\"wp-block-file__button wp-element-button\" download aria-describedby=\"wp-block-file--media-89e74ac8-02fa-47b5-9775-732f5a2f5c4b\">Medienmitteilung<\/a><\/div>\n\n\n\n<div class=\"wp-block-file\"><a id=\"wp-block-file--media-0d468701-a55c-4794-8997-9fb70c768b95\" href=\"https:\/\/expo-apprentissage.ch\/wp-content\/uploads\/2021\/05\/Article-descriptif-Expo-virtuelle-3D.pdf\">Article pr\u00e9sentation Expo 3D<\/a><a href=\"https:\/\/expo-apprentissage.ch\/wp-content\/uploads\/2021\/05\/Article-descriptif-Expo-virtuelle-3D.pdf\" class=\"wp-block-file__button wp-element-button\" download aria-describedby=\"wp-block-file--media-0d468701-a55c-4794-8997-9fb70c768b95\">Artikel<\/a><\/div>\n\n\n\n<div class=\"wp-block-file\"><a id=\"wp-block-file--media-56aadb15-f93b-4085-9e1d-7ba259abac03\" href=\"https:\/\/expo-apprentissage.ch\/wp-content\/uploads\/2021\/06\/Video-Point-J_Expo-3D.mp4\">Vid\u00e9o RTS, Le Rencard, 31. Mai 2021<\/a><a href=\"https:\/\/expo-apprentissage.ch\/wp-content\/uploads\/2021\/06\/Video-Point-J_Expo-3D.mp4\" class=\"wp-block-file__button wp-element-button\" download aria-describedby=\"wp-block-file--media-56aadb15-f93b-4085-9e1d-7ba259abac03\">Video<\/a><\/div>\n\n\n\n<p><a href=\"https:\/\/expo-apprentissage.ch\/wp-content\/uploads\/2022\/02\/La-filiere-de-lapprentissage-se-presente-La-Liberte310521.pdf\">La Libert\u00e9, 31 mai 2021<\/a><\/p>\n\n\n\n<div class=\"wp-block-file\"><a id=\"wp-block-file--media-5fe3e8c2-21db-4b7a-acf0-f6f30abe1b7f\" href=\"https:\/\/expo-apprentissage.ch\/wp-content\/uploads\/2021\/05\/HR-Today_21052021.pdf\">HR Today, 20. Mai 2021<\/a><a href=\"https:\/\/expo-apprentissage.ch\/wp-content\/uploads\/2021\/05\/HR-Today_21052021.pdf\" class=\"wp-block-file__button wp-element-button\" download aria-describedby=\"wp-block-file--media-5fe3e8c2-21db-4b7a-acf0-f6f30abe1b7f\">Artikel<\/a><\/div>\n\n\n\n<p><a href=\"https:\/\/expo-apprentissage.ch\/wp-content\/uploads\/2021\/12\/skilled_2021-1-39_-_de_probst_pelozzi.pdf\">Skilled, 6. Mai 2021<\/a><\/p>\n\n\n\n<h2 class=\"wp-block-heading\">Pressespiegel 2020<\/h2>\n\n\n\n<h4 class=\"wp-block-heading\">M\u00e4rz 2020<\/h4>\n\n\n\n<p><a href=\"https:\/\/blogs.letemps.ch\/laura-perret-ducommun\/2020\/03\/08\/au-coeur-de-lapprentissage\/\">Le Temps<\/a> (blog de Laura Perret Ducommun), 8. M\u00e4rz 2020<\/p>\n\n\n\n<div class=\"wp-block-file\"><a id=\"wp-block-file--media-7c476cf7-66fc-4bdf-a484-95e2ea51154b\" href=\"https:\/\/expo-apprentissage.ch\/wp-content\/uploads\/2020\/03\/Quotidien_jurassien-1.pdf\">Le Quotidien jurassien, 7. M\u00e4rz 2020<\/a><a href=\"https:\/\/expo-apprentissage.ch\/wp-content\/uploads\/2020\/03\/Quotidien_jurassien-1.pdf\" class=\"wp-block-file__button wp-element-button\" download aria-describedby=\"wp-block-file--media-7c476cf7-66fc-4bdf-a484-95e2ea51154b\">Artikel<\/a><\/div>\n\n\n\n<div class=\"wp-block-file\"><a id=\"wp-block-file--media-065b03a9-4f90-4dbb-b123-9c12427ec51d\" href=\"https:\/\/expo-apprentissage.ch\/wp-content\/uploads\/2020\/03\/journal_du_jura-1.pdf\">Journal du Jura, 7. M\u00e4rz 2020<\/a><a href=\"https:\/\/expo-apprentissage.ch\/wp-content\/uploads\/2020\/03\/journal_du_jura-1.pdf\" class=\"wp-block-file__button wp-element-button\" download aria-describedby=\"wp-block-file--media-065b03a9-4f90-4dbb-b123-9c12427ec51d\">Artikel<\/a><\/div>\n\n\n\n<h4 class=\"wp-block-heading\">Februar 2020<\/h4>\n\n\n\n<div class=\"wp-block-file\"><a id=\"wp-block-file--media-4a2c31d8-c7b0-4897-a3ee-c46cdae060dc\" href=\"https:\/\/expo-apprentissage.ch\/wp-content\/uploads\/2020\/03\/Communiqu\u00e9-de-presse-Your-Challenge-Martigny-2020-1.pdf\">Communiqu\u00e9 de presse Your Challenge Martigny 2020, 16. Februar 2020<\/a><a href=\"https:\/\/expo-apprentissage.ch\/wp-content\/uploads\/2020\/03\/Communiqu\u00e9-de-presse-Your-Challenge-Martigny-2020-1.pdf\" class=\"wp-block-file__button wp-element-button\" download aria-describedby=\"wp-block-file--media-4a2c31d8-c7b0-4897-a3ee-c46cdae060dc\">Communiqu\u00e9 de presse<\/a><\/div>\n\n\n\n<h4 class=\"wp-block-heading\">Januar 2020<\/h4>\n\n\n\n<div class=\"wp-block-file\"><a id=\"wp-block-file--media-0d43e293-8509-4bbf-b0d9-03efbba1bdf3\" href=\"https:\/\/expo-apprentissage.ch\/wp-content\/uploads\/2020\/01\/Walliser_Bote_29012020.pdf\">Walliser Bote, 29. Januar 2020 <\/a><a href=\"https:\/\/expo-apprentissage.ch\/wp-content\/uploads\/2020\/01\/Walliser_Bote_29012020.pdf\" class=\"wp-block-file__button wp-element-button\" download aria-describedby=\"wp-block-file--media-0d43e293-8509-4bbf-b0d9-03efbba1bdf3\">Artikel<\/a><\/div>\n\n\n\n<div class=\"wp-block-file\"><a id=\"wp-block-file--media-84078b97-cf14-4ab6-b3ad-6985b159af69\" href=\"https:\/\/expo-apprentissage.ch\/wp-content\/uploads\/2020\/01\/REISO_08012020-2.pdf\">Revue d&#8217;information sociale, REISO.org, 8. Januar 2020 <\/a><a href=\"https:\/\/expo-apprentissage.ch\/wp-content\/uploads\/2020\/01\/REISO_08012020-2.pdf\" class=\"wp-block-file__button wp-element-button\" download aria-describedby=\"wp-block-file--media-84078b97-cf14-4ab6-b3ad-6985b159af69\">Artikel<\/a><\/div>\n\n\n\n<h2 class=\"wp-block-heading\">Andere Publikationen 2020<\/h2>\n\n\n\n<div class=\"wp-block-file\"><a id=\"wp-block-file--media-afa047ff-a753-4eaa-a6e9-27d5b735a0c0\" href=\"https:\/\/expo-apprentissage.ch\/wp-content\/uploads\/2020\/03\/16-17_BIL_Panorama_DE_1_20.pdf\">Panorama 1, 2020<\/a><a href=\"https:\/\/expo-apprentissage.ch\/wp-content\/uploads\/2020\/03\/16-17_BIL_Panorama_DE_1_20.pdf\" class=\"wp-block-file__button wp-element-button\" download aria-describedby=\"wp-block-file--media-afa047ff-a753-4eaa-a6e9-27d5b735a0c0\">Artikel<\/a><\/div>\n\n\n\n<div class=\"wp-block-file\"><a id=\"wp-block-file--media-074217d0-a1db-49ec-86be-86c9dfac3a13\" href=\"https:\/\/expo-apprentissage.ch\/wp-content\/uploads\/2020\/05\/DE_Skilled-1-2020_Die-Wissenschaft-im-Dialog-mit-der-Gesellschaft.pdf\">Skilled 1, 2020<\/a><a href=\"https:\/\/expo-apprentissage.ch\/wp-content\/uploads\/2020\/05\/DE_Skilled-1-2020_Die-Wissenschaft-im-Dialog-mit-der-Gesellschaft.pdf\" class=\"wp-block-file__button wp-element-button\" download aria-describedby=\"wp-block-file--media-074217d0-a1db-49ec-86be-86c9dfac3a13\">Artikel<\/a><\/div>\n","protected":false},"excerpt":{"rendered":"<p>Pressespiegel 2022 November 2022 &#8222;La semaine finit bien&#8220; Cit\u00e9 des m\u00e9tiers &#8211; part 1. RadioLac, 25 novembre 2022 &#8222;La semaine finit bien&#8220; Cit\u00e9 des m\u00e9tiers &#8211; part 2. RadioLac, 25 novembre 2022 Heidi.News, 22 novembre 2022 &#8222;Il suffit de demander&#8220; Cit\u00e9 des m\u00e9tiers. RadioLac, 22 novembre 2022 October 2022 Les Echos de Vacarme, Radio Suisse [&hellip;]<\/p>\n","protected":false},"author":1,"featured_media":0,"parent":0,"menu_order":31,"comment_status":"closed","ping_status":"closed","template":"template-mediation.php","meta":{"_acf_changed":false,"footnotes":""},"class_list":["post-643","page","type-page","status-publish","hentry"],"acf":[],"yoast_head":"<!-- This site is optimized with the Yoast SEO plugin v27.3 - https:\/\/yoast.com\/product\/yoast-seo-wordpress\/ -->\n<title>Medien - Au c\u0153ur de l&#039;apprentissage<\/title>\n<meta name=\"robots\" content=\"index, follow, max-snippet:-1, max-image-preview:large, max-video-preview:-1\" \/>\n<link rel=\"canonical\" href=\"https:\/\/expo-apprentissage.ch\/de\/medien\/\" \/>\n<meta property=\"og:locale\" content=\"de_DE\" \/>\n<meta property=\"og:type\" content=\"article\" \/>\n<meta property=\"og:title\" content=\"Medien - Au c\u0153ur de l&#039;apprentissage\" \/>\n<meta property=\"og:description\" content=\"Pressespiegel 2022 November 2022 &#8222;La semaine finit bien&#8220; Cit\u00e9 des m\u00e9tiers &#8211; part 1. RadioLac, 25 novembre 2022 &#8222;La semaine finit bien&#8220; Cit\u00e9 des m\u00e9tiers &#8211; part 2. RadioLac, 25 novembre 2022 Heidi.News, 22 novembre 2022 &#8222;Il suffit de demander&#8220; Cit\u00e9 des m\u00e9tiers. RadioLac, 22 novembre 2022 October 2022 Les Echos de Vacarme, Radio Suisse [&hellip;]\" \/>\n<meta property=\"og:url\" content=\"https:\/\/expo-apprentissage.ch\/de\/medien\/\" \/>\n<meta property=\"og:site_name\" content=\"Au c\u0153ur de l&#039;apprentissage\" \/>\n<meta property=\"article:modified_time\" content=\"2022-12-13T14:44:47+00:00\" \/>\n<meta name=\"twitter:card\" content=\"summary_large_image\" \/>\n<meta name=\"twitter:label1\" content=\"Gesch\u00e4tzte Lesezeit\" \/>\n\t<meta name=\"twitter:data1\" content=\"2\u00a0Minuten\" \/>\n<script type=\"application\/ld+json\" class=\"yoast-schema-graph\">{\"@context\":\"https:\\\/\\\/schema.org\",\"@graph\":[{\"@type\":\"WebPage\",\"@id\":\"https:\\\/\\\/expo-apprentissage.ch\\\/de\\\/medien\\\/\",\"url\":\"https:\\\/\\\/expo-apprentissage.ch\\\/de\\\/medien\\\/\",\"name\":\"Medien - Au c\u0153ur de l&#039;apprentissage\",\"isPartOf\":{\"@id\":\"https:\\\/\\\/expo-apprentissage.ch\\\/#website\"},\"datePublished\":\"2019-12-04T10:51:56+00:00\",\"dateModified\":\"2022-12-13T14:44:47+00:00\",\"breadcrumb\":{\"@id\":\"https:\\\/\\\/expo-apprentissage.ch\\\/de\\\/medien\\\/#breadcrumb\"},\"inLanguage\":\"de\",\"potentialAction\":[{\"@type\":\"ReadAction\",\"target\":[\"https:\\\/\\\/expo-apprentissage.ch\\\/de\\\/medien\\\/\"]}]},{\"@type\":\"BreadcrumbList\",\"@id\":\"https:\\\/\\\/expo-apprentissage.ch\\\/de\\\/medien\\\/#breadcrumb\",\"itemListElement\":[{\"@type\":\"ListItem\",\"position\":1,\"name\":\"Accueil\",\"item\":\"https:\\\/\\\/expo-apprentissage.ch\\\/de\\\/\"},{\"@type\":\"ListItem\",\"position\":2,\"name\":\"Medien\"}]},{\"@type\":\"WebSite\",\"@id\":\"https:\\\/\\\/expo-apprentissage.ch\\\/#website\",\"url\":\"https:\\\/\\\/expo-apprentissage.ch\\\/\",\"name\":\"Au c\u0153ur de l&#039;apprentissage\",\"description\":\"Exposition\",\"potentialAction\":[{\"@type\":\"SearchAction\",\"target\":{\"@type\":\"EntryPoint\",\"urlTemplate\":\"https:\\\/\\\/expo-apprentissage.ch\\\/?s={search_term_string}\"},\"query-input\":{\"@type\":\"PropertyValueSpecification\",\"valueRequired\":true,\"valueName\":\"search_term_string\"}}],\"inLanguage\":\"de\"}]}<\/script>\n<!-- \/ Yoast SEO plugin. -->","yoast_head_json":{"title":"Medien - Au c\u0153ur de l&#039;apprentissage","robots":{"index":"index","follow":"follow","max-snippet":"max-snippet:-1","max-image-preview":"max-image-preview:large","max-video-preview":"max-video-preview:-1"},"canonical":"https:\/\/expo-apprentissage.ch\/de\/medien\/","og_locale":"de_DE","og_type":"article","og_title":"Medien - Au c\u0153ur de l&#039;apprentissage","og_description":"Pressespiegel 2022 November 2022 &#8222;La semaine finit bien&#8220; Cit\u00e9 des m\u00e9tiers &#8211; part 1. RadioLac, 25 novembre 2022 &#8222;La semaine finit bien&#8220; Cit\u00e9 des m\u00e9tiers &#8211; part 2. RadioLac, 25 novembre 2022 Heidi.News, 22 novembre 2022 &#8222;Il suffit de demander&#8220; Cit\u00e9 des m\u00e9tiers. RadioLac, 22 novembre 2022 October 2022 Les Echos de Vacarme, Radio Suisse [&hellip;]","og_url":"https:\/\/expo-apprentissage.ch\/de\/medien\/","og_site_name":"Au c\u0153ur de l&#039;apprentissage","article_modified_time":"2022-12-13T14:44:47+00:00","twitter_card":"summary_large_image","twitter_misc":{"Gesch\u00e4tzte Lesezeit":"2\u00a0Minuten"},"schema":{"@context":"https:\/\/schema.org","@graph":[{"@type":"WebPage","@id":"https:\/\/expo-apprentissage.ch\/de\/medien\/","url":"https:\/\/expo-apprentissage.ch\/de\/medien\/","name":"Medien - Au c\u0153ur de l&#039;apprentissage","isPartOf":{"@id":"https:\/\/expo-apprentissage.ch\/#website"},"datePublished":"2019-12-04T10:51:56+00:00","dateModified":"2022-12-13T14:44:47+00:00","breadcrumb":{"@id":"https:\/\/expo-apprentissage.ch\/de\/medien\/#breadcrumb"},"inLanguage":"de","potentialAction":[{"@type":"ReadAction","target":["https:\/\/expo-apprentissage.ch\/de\/medien\/"]}]},{"@type":"BreadcrumbList","@id":"https:\/\/expo-apprentissage.ch\/de\/medien\/#breadcrumb","itemListElement":[{"@type":"ListItem","position":1,"name":"Accueil","item":"https:\/\/expo-apprentissage.ch\/de\/"},{"@type":"ListItem","position":2,"name":"Medien"}]},{"@type":"WebSite","@id":"https:\/\/expo-apprentissage.ch\/#website","url":"https:\/\/expo-apprentissage.ch\/","name":"Au c\u0153ur de l&#039;apprentissage","description":"Exposition","potentialAction":[{"@type":"SearchAction","target":{"@type":"EntryPoint","urlTemplate":"https:\/\/expo-apprentissage.ch\/?s={search_term_string}"},"query-input":{"@type":"PropertyValueSpecification","valueRequired":true,"valueName":"search_term_string"}}],"inLanguage":"de"}]}},"_links":{"self":[{"href":"https:\/\/expo-apprentissage.ch\/de\/wp-json\/wp\/v2\/pages\/643","targetHints":{"allow":["GET"]}}],"collection":[{"href":"https:\/\/expo-apprentissage.ch\/de\/wp-json\/wp\/v2\/pages"}],"about":[{"href":"https:\/\/expo-apprentissage.ch\/de\/wp-json\/wp\/v2\/types\/page"}],"author":[{"embeddable":true,"href":"https:\/\/expo-apprentissage.ch\/de\/wp-json\/wp\/v2\/users\/1"}],"replies":[{"embeddable":true,"href":"https:\/\/expo-apprentissage.ch\/de\/wp-json\/wp\/v2\/comments?post=643"}],"version-history":[{"count":83,"href":"https:\/\/expo-apprentissage.ch\/de\/wp-json\/wp\/v2\/pages\/643\/revisions"}],"predecessor-version":[{"id":3095,"href":"https:\/\/expo-apprentissage.ch\/de\/wp-json\/wp\/v2\/pages\/643\/revisions\/3095"}],"wp:attachment":[{"href":"https:\/\/expo-apprentissage.ch\/de\/wp-json\/wp\/v2\/media?parent=643"}],"curies":[{"name":"wp","href":"https:\/\/api.w.org\/{rel}","templated":true}]}}