{"id":633,"date":"2020-01-17T09:14:05","date_gmt":"2020-01-17T08:14:05","guid":{"rendered":"https:\/\/hawai.li\/apprentissage\/lequipe\/"},"modified":"2021-08-31T11:35:15","modified_gmt":"2021-08-31T09:35:15","slug":"lequipe","status":"publish","type":"page","link":"https:\/\/expo-apprentissage.ch\/de\/lequipe\/","title":{"rendered":"Das Team"},"content":{"rendered":"\n<p><strong>Kuratorin<\/strong>: Nadia Lamamra &#8211; EHB<br><strong>Wissenschaftliches Team<\/strong>: Nadia Lamamra, Barbara Duc &#8211; EHB &amp; Isabelle Dauner Gardiol<br><strong>Koordination<\/strong>: Patrick Auderset &#8211; Coll\u00e8ge du travail<br><strong>Szenografie<\/strong>: St\u00e9phane Kl\u00e4figer &#8211;\u00a0Kl\u00e4figer Mus\u00e9ographie<br><strong>Grafische Gestaltung<\/strong>:\u00a0studio KO<br><strong>Mediation<\/strong>: Isabelle Closuit Chouadra<br><strong>Filme<\/strong>:\u00a0Katharine Dominic\u00e9 &#8211; Gena John &amp; the Kids<br><strong><strong>Kommunikation\u00a0<\/strong><\/strong>:\u00a0Jacques Andres, Janick Pelozzi \u2013 EHB<br><strong>Webseite<\/strong>: Hawaii interactive<br><strong>Deutsche <\/strong> <strong>\u00dcbersetzung<\/strong>: Martina Amstutz<\/p>\n\n\n\n<p><strong>Steuerungskomitee<br><\/strong>Patrick Auderset, Coll\u00e8ge du travail, Genf<br>Roberta Besozzi, doctorante UNIL\/IFFP, Lausanne<br>Anne-Laure Dirren, Nasca Formation, Sitten<br>Farinaz Fassa, Universit\u00e9 de Lausanne<br>Laurent Filliettaz, Universit\u00e9 de Gen\u00e8ve<br>Fabio Lecci, Unit\u00e9 des conseillers aux apprentis Vaud, Lausanne<br>Herv\u00e9 Munz, Universit\u00e9 de Gen\u00e8ve<br>David Perrenoud, EHB<\/p>\n","protected":false},"excerpt":{"rendered":"<p>Kuratorin: Nadia Lamamra &#8211; EHBWissenschaftliches Team: Nadia Lamamra, Barbara Duc &#8211; EHB &amp; Isabelle Dauner GardiolKoordination: Patrick Auderset &#8211; Coll\u00e8ge du travailSzenografie: St\u00e9phane Kl\u00e4figer &#8211;\u00a0Kl\u00e4figer Mus\u00e9ographieGrafische Gestaltung:\u00a0studio KOMediation: Isabelle Closuit ChouadraFilme:\u00a0Katharine Dominic\u00e9 &#8211; Gena John &amp; the KidsKommunikation\u00a0:\u00a0Jacques Andres, Janick Pelozzi \u2013 EHBWebseite: Hawaii interactiveDeutsche \u00dcbersetzung: Martina Amstutz SteuerungskomiteePatrick Auderset, Coll\u00e8ge du travail, GenfRoberta Besozzi, [&hellip;]<\/p>\n","protected":false},"author":1,"featured_media":0,"parent":0,"menu_order":24,"comment_status":"closed","ping_status":"closed","template":"","meta":{"_acf_changed":false,"footnotes":""},"class_list":["post-633","page","type-page","status-publish","hentry"],"acf":[],"yoast_head":"<!-- This site is optimized with the Yoast SEO plugin v27.3 - https:\/\/yoast.com\/product\/yoast-seo-wordpress\/ -->\n<title>Das Team - Au c\u0153ur de l&#039;apprentissage<\/title>\n<meta name=\"robots\" content=\"index, follow, max-snippet:-1, max-image-preview:large, max-video-preview:-1\" \/>\n<link rel=\"canonical\" href=\"https:\/\/expo-apprentissage.ch\/de\/lequipe\/\" \/>\n<meta property=\"og:locale\" content=\"de_DE\" \/>\n<meta property=\"og:type\" content=\"article\" \/>\n<meta property=\"og:title\" content=\"Das Team - Au c\u0153ur de l&#039;apprentissage\" \/>\n<meta property=\"og:description\" content=\"Kuratorin: Nadia Lamamra &#8211; EHBWissenschaftliches Team: Nadia Lamamra, Barbara Duc &#8211; EHB &amp; Isabelle Dauner GardiolKoordination: Patrick Auderset &#8211; Coll\u00e8ge du travailSzenografie: St\u00e9phane Kl\u00e4figer &#8211;\u00a0Kl\u00e4figer Mus\u00e9ographieGrafische Gestaltung:\u00a0studio KOMediation: Isabelle Closuit ChouadraFilme:\u00a0Katharine Dominic\u00e9 &#8211; Gena John &amp; the KidsKommunikation\u00a0:\u00a0Jacques Andres, Janick Pelozzi \u2013 EHBWebseite: Hawaii interactiveDeutsche \u00dcbersetzung: Martina Amstutz SteuerungskomiteePatrick Auderset, Coll\u00e8ge du travail, GenfRoberta Besozzi, [&hellip;]\" \/>\n<meta property=\"og:url\" content=\"https:\/\/expo-apprentissage.ch\/de\/lequipe\/\" \/>\n<meta property=\"og:site_name\" content=\"Au c\u0153ur de l&#039;apprentissage\" \/>\n<meta property=\"article:modified_time\" content=\"2021-08-31T09:35:15+00:00\" \/>\n<meta name=\"twitter:card\" content=\"summary_large_image\" \/>\n<meta name=\"twitter:label1\" content=\"Gesch\u00e4tzte Lesezeit\" \/>\n\t<meta name=\"twitter:data1\" content=\"1\u00a0Minute\" \/>\n<script type=\"application\/ld+json\" class=\"yoast-schema-graph\">{\"@context\":\"https:\\\/\\\/schema.org\",\"@graph\":[{\"@type\":\"WebPage\",\"@id\":\"https:\\\/\\\/expo-apprentissage.ch\\\/de\\\/lequipe\\\/\",\"url\":\"https:\\\/\\\/expo-apprentissage.ch\\\/de\\\/lequipe\\\/\",\"name\":\"Das Team - Au c\u0153ur de l&#039;apprentissage\",\"isPartOf\":{\"@id\":\"https:\\\/\\\/expo-apprentissage.ch\\\/#website\"},\"datePublished\":\"2020-01-17T08:14:05+00:00\",\"dateModified\":\"2021-08-31T09:35:15+00:00\",\"breadcrumb\":{\"@id\":\"https:\\\/\\\/expo-apprentissage.ch\\\/de\\\/lequipe\\\/#breadcrumb\"},\"inLanguage\":\"de\",\"potentialAction\":[{\"@type\":\"ReadAction\",\"target\":[\"https:\\\/\\\/expo-apprentissage.ch\\\/de\\\/lequipe\\\/\"]}]},{\"@type\":\"BreadcrumbList\",\"@id\":\"https:\\\/\\\/expo-apprentissage.ch\\\/de\\\/lequipe\\\/#breadcrumb\",\"itemListElement\":[{\"@type\":\"ListItem\",\"position\":1,\"name\":\"Accueil\",\"item\":\"https:\\\/\\\/expo-apprentissage.ch\\\/de\\\/\"},{\"@type\":\"ListItem\",\"position\":2,\"name\":\"Das Team\"}]},{\"@type\":\"WebSite\",\"@id\":\"https:\\\/\\\/expo-apprentissage.ch\\\/#website\",\"url\":\"https:\\\/\\\/expo-apprentissage.ch\\\/\",\"name\":\"Au c\u0153ur de l&#039;apprentissage\",\"description\":\"Exposition\",\"potentialAction\":[{\"@type\":\"SearchAction\",\"target\":{\"@type\":\"EntryPoint\",\"urlTemplate\":\"https:\\\/\\\/expo-apprentissage.ch\\\/?s={search_term_string}\"},\"query-input\":{\"@type\":\"PropertyValueSpecification\",\"valueRequired\":true,\"valueName\":\"search_term_string\"}}],\"inLanguage\":\"de\"}]}<\/script>\n<!-- \/ Yoast SEO plugin. -->","yoast_head_json":{"title":"Das Team - Au c\u0153ur de l&#039;apprentissage","robots":{"index":"index","follow":"follow","max-snippet":"max-snippet:-1","max-image-preview":"max-image-preview:large","max-video-preview":"max-video-preview:-1"},"canonical":"https:\/\/expo-apprentissage.ch\/de\/lequipe\/","og_locale":"de_DE","og_type":"article","og_title":"Das Team - Au c\u0153ur de l&#039;apprentissage","og_description":"Kuratorin: Nadia Lamamra &#8211; EHBWissenschaftliches Team: Nadia Lamamra, Barbara Duc &#8211; EHB &amp; Isabelle Dauner GardiolKoordination: Patrick Auderset &#8211; Coll\u00e8ge du travailSzenografie: St\u00e9phane Kl\u00e4figer &#8211;\u00a0Kl\u00e4figer Mus\u00e9ographieGrafische Gestaltung:\u00a0studio KOMediation: Isabelle Closuit ChouadraFilme:\u00a0Katharine Dominic\u00e9 &#8211; Gena John &amp; the KidsKommunikation\u00a0:\u00a0Jacques Andres, Janick Pelozzi \u2013 EHBWebseite: Hawaii interactiveDeutsche \u00dcbersetzung: Martina Amstutz SteuerungskomiteePatrick Auderset, Coll\u00e8ge du travail, GenfRoberta Besozzi, [&hellip;]","og_url":"https:\/\/expo-apprentissage.ch\/de\/lequipe\/","og_site_name":"Au c\u0153ur de l&#039;apprentissage","article_modified_time":"2021-08-31T09:35:15+00:00","twitter_card":"summary_large_image","twitter_misc":{"Gesch\u00e4tzte Lesezeit":"1\u00a0Minute"},"schema":{"@context":"https:\/\/schema.org","@graph":[{"@type":"WebPage","@id":"https:\/\/expo-apprentissage.ch\/de\/lequipe\/","url":"https:\/\/expo-apprentissage.ch\/de\/lequipe\/","name":"Das Team - Au c\u0153ur de l&#039;apprentissage","isPartOf":{"@id":"https:\/\/expo-apprentissage.ch\/#website"},"datePublished":"2020-01-17T08:14:05+00:00","dateModified":"2021-08-31T09:35:15+00:00","breadcrumb":{"@id":"https:\/\/expo-apprentissage.ch\/de\/lequipe\/#breadcrumb"},"inLanguage":"de","potentialAction":[{"@type":"ReadAction","target":["https:\/\/expo-apprentissage.ch\/de\/lequipe\/"]}]},{"@type":"BreadcrumbList","@id":"https:\/\/expo-apprentissage.ch\/de\/lequipe\/#breadcrumb","itemListElement":[{"@type":"ListItem","position":1,"name":"Accueil","item":"https:\/\/expo-apprentissage.ch\/de\/"},{"@type":"ListItem","position":2,"name":"Das Team"}]},{"@type":"WebSite","@id":"https:\/\/expo-apprentissage.ch\/#website","url":"https:\/\/expo-apprentissage.ch\/","name":"Au c\u0153ur de l&#039;apprentissage","description":"Exposition","potentialAction":[{"@type":"SearchAction","target":{"@type":"EntryPoint","urlTemplate":"https:\/\/expo-apprentissage.ch\/?s={search_term_string}"},"query-input":{"@type":"PropertyValueSpecification","valueRequired":true,"valueName":"search_term_string"}}],"inLanguage":"de"}]}},"_links":{"self":[{"href":"https:\/\/expo-apprentissage.ch\/de\/wp-json\/wp\/v2\/pages\/633","targetHints":{"allow":["GET"]}}],"collection":[{"href":"https:\/\/expo-apprentissage.ch\/de\/wp-json\/wp\/v2\/pages"}],"about":[{"href":"https:\/\/expo-apprentissage.ch\/de\/wp-json\/wp\/v2\/types\/page"}],"author":[{"embeddable":true,"href":"https:\/\/expo-apprentissage.ch\/de\/wp-json\/wp\/v2\/users\/1"}],"replies":[{"embeddable":true,"href":"https:\/\/expo-apprentissage.ch\/de\/wp-json\/wp\/v2\/comments?post=633"}],"version-history":[{"count":10,"href":"https:\/\/expo-apprentissage.ch\/de\/wp-json\/wp\/v2\/pages\/633\/revisions"}],"predecessor-version":[{"id":2311,"href":"https:\/\/expo-apprentissage.ch\/de\/wp-json\/wp\/v2\/pages\/633\/revisions\/2311"}],"wp:attachment":[{"href":"https:\/\/expo-apprentissage.ch\/de\/wp-json\/wp\/v2\/media?parent=633"}],"curies":[{"name":"wp","href":"https:\/\/api.w.org\/{rel}","templated":true}]}}