{"id":627,"date":"2019-11-30T16:06:40","date_gmt":"2019-11-30T15:06:40","guid":{"rendered":"https:\/\/hawai.li\/apprentissage\/themes\/entrer-chez-les-pros\/"},"modified":"2021-06-03T16:52:22","modified_gmt":"2021-06-03T14:52:22","slug":"profi-werden","status":"publish","type":"page","link":"https:\/\/expo-apprentissage.ch\/de\/themes\/profi-werden\/","title":{"rendered":"Profi werden"},"content":{"rendered":"\n<h2 class=\"wp-block-heading\">&#8222;<strong>Willkommen bei den Profis<\/strong>&#8222;<\/h2>\n\n\n\n<p>Zu den zentralen Momenten von Berufsbildnern und Berufsbilderinnen geh\u00f6rt das Ausbildungsende und insbesondere der Moment, wenn die Lernenden <a href=\"https:\/\/expo-apprentissage.ch\/wp-content\/uploads\/2020\/03\/cortesi_imdorf_2013.pdf\" target=\"_blank\" rel=\"noreferrer noopener\" aria-label=\"an der Diplomfeier ihren Abschluss entgegennehmen (s\u2019ouvre dans un nouvel onglet)\">an der Diplomfeier ihren Abschluss entgegennehmen<\/a>. Das ist ein Erfolg sowohl f\u00fcr die Lernenden, die ihre Ausbildung nach zwei, drei oder vier Jahren erfolgreich zu Ende gef\u00fchrt haben -oder l\u00e4ngerer Zeit, wenn ein Lehrabbruch, eine Neuorientierung oder ein Misserfolg an der Abschlusspr\u00fcfung dazwischenliegt -, als auch f\u00fcr die Berufsbildner\/innen, die die Lernenden auf dem Weg dorthin begleitet haben. Es ist der Moment, wo aus Lernenden Berufsleute, aus Jugendlichen Erwachsene werden.<\/p>\n\n\n\n<p><a href=\"https:\/\/expo-apprentissage.ch\/wp-content\/uploads\/2020\/03\/CSFO_LO1-3079_3080_Wie_Weiter_Nach_der_D.pdf\" target=\"_blank\" rel=\"noreferrer noopener\" aria-label=\"Den Lernenden er\u00f6ffnet der Abschluss auch neue M\u00f6glichkeiten (s\u2019ouvre dans un nouvel onglet)\">Den Lernenden er\u00f6ffnet der Abschluss auch neue M\u00f6glichkeiten<\/a>: Sie k\u00f6nnen sich auf die Suche nach der ersten richtigen Stelle machen und in den Arbeitsmarkt einsteigen, sie k\u00f6nnen die Ausbildung fortsetzen und einen Abschluss der h\u00f6heren Berufsbildung (Berufspr\u00fcfung, Meisterpr\u00fcfung, h\u00f6here Fachpr\u00fcfung) erlangen, sich an einer h\u00f6heren Fachschule (HF) weiterbilden, die Berufsmaturit\u00e4t nachholen, sofern sie diese nicht lehrbegleitend absolviert haben, oder sie k\u00f6nnen an einer Fachhochschule (FH) ein Bachelor- und danach ein Masterstudium aufnehmen. Einige entscheiden sich nach dem EBA oder dem ersten EFZ aber auch f\u00fcr eine zweite Berufslehre.<\/p>\n\n\n\n<p>Besonders f\u00fcr die Lehrabg\u00e4ngerinnen und Lehrabg\u00e4nger, die direkt in die Arbeitswelt eintreten, kommt der Berufsabschluss dem Einstieg in die Berufswelt gleich. Sie m\u00fcssen sich auf Stellensuche begeben. Anders als bei der Lehrstellensuche bringen sie jetzt einen besser gef\u00fcllten Rucksack mit, sie haben erste Berufskompetenzen erworben, Kenntnisse \u00fcber den Arbeitsmarkt und die Gesch\u00e4ftswelt erlangt und sie verf\u00fcgen \u00fcber ein berufliches Netzwerk, das sie im Verlauf der Lehre aufgebaut haben. Trotzdem verl\u00e4uft auch die Stellensuche nicht immer ohne Schwierigkeiten.<\/p>\n\n\n\n<p>Schliesslich bedeutet der <a href=\"https:\/\/expo-apprentissage.ch\/de\/pour-en-savoir-plus\/histoire-de-diplomes\/\" target=\"_blank\" rel=\"noreferrer noopener\" aria-label=\"Lehrabschluss  (s\u2019ouvre dans un nouvel onglet)\">Lehrabschluss <\/a>auch den Eintritt in die Welt der Erwachsenen. Die erste Stelle bedeutet oft, dass der\/die Jugendliche von der Familie unabh\u00e4ngig wird, auch finanziell, und die erste eigene Wohnung bezieht.<\/p>\n\n\n    <a class=\"btn btn-5\" href=\"https:\/\/expo-apprentissage.ch\/de\/themes\/lehttps:\/\/expo-apprentissage.ch\/de\/themes\/les-difficultes\/s-difficultes#pros\" target=\"\">\n        Die Schwierigkeiten    <\/a>\n\n","protected":false},"excerpt":{"rendered":"<p>&#8222;Willkommen bei den Profis&#8222; Zu den zentralen Momenten von Berufsbildnern und Berufsbilderinnen geh\u00f6rt das Ausbildungsende und insbesondere der Moment, wenn die Lernenden an der Diplomfeier ihren Abschluss entgegennehmen. Das ist ein Erfolg sowohl f\u00fcr die Lernenden, die ihre Ausbildung nach zwei, drei oder vier Jahren erfolgreich zu Ende gef\u00fchrt haben -oder l\u00e4ngerer Zeit, wenn ein [&hellip;]<\/p>\n","protected":false},"author":1,"featured_media":384,"parent":348,"menu_order":43,"comment_status":"closed","ping_status":"closed","template":"template-theme.php","meta":{"_acf_changed":false,"footnotes":""},"class_list":["post-627","page","type-page","status-publish","has-post-thumbnail","hentry"],"acf":[],"yoast_head":"<!-- This site is optimized with the Yoast SEO plugin v27.3 - https:\/\/yoast.com\/product\/yoast-seo-wordpress\/ -->\n<title>Profi werden - Au c\u0153ur de l&#039;apprentissage<\/title>\n<meta name=\"robots\" content=\"index, follow, max-snippet:-1, max-image-preview:large, max-video-preview:-1\" \/>\n<link rel=\"canonical\" href=\"https:\/\/expo-apprentissage.ch\/de\/themes\/profi-werden\/\" \/>\n<meta property=\"og:locale\" content=\"de_DE\" \/>\n<meta property=\"og:type\" content=\"article\" \/>\n<meta property=\"og:title\" content=\"Profi werden - Au c\u0153ur de l&#039;apprentissage\" \/>\n<meta property=\"og:description\" content=\"&#8222;Willkommen bei den Profis&#8222; Zu den zentralen Momenten von Berufsbildnern und Berufsbilderinnen geh\u00f6rt das Ausbildungsende und insbesondere der Moment, wenn die Lernenden an der Diplomfeier ihren Abschluss entgegennehmen. Das ist ein Erfolg sowohl f\u00fcr die Lernenden, die ihre Ausbildung nach zwei, drei oder vier Jahren erfolgreich zu Ende gef\u00fchrt haben -oder l\u00e4ngerer Zeit, wenn ein [&hellip;]\" \/>\n<meta property=\"og:url\" content=\"https:\/\/expo-apprentissage.ch\/de\/themes\/profi-werden\/\" \/>\n<meta property=\"og:site_name\" content=\"Au c\u0153ur de l&#039;apprentissage\" \/>\n<meta property=\"article:modified_time\" content=\"2021-06-03T14:52:22+00:00\" \/>\n<meta property=\"og:image\" content=\"https:\/\/expo-apprentissage.ch\/wp-content\/uploads\/2020\/01\/8-DIG-4945_LM-101718.jpg\" \/>\n\t<meta property=\"og:image:width\" content=\"2300\" \/>\n\t<meta property=\"og:image:height\" content=\"1608\" \/>\n\t<meta property=\"og:image:type\" content=\"image\/jpeg\" \/>\n<meta name=\"twitter:card\" content=\"summary_large_image\" \/>\n<meta name=\"twitter:label1\" content=\"Gesch\u00e4tzte Lesezeit\" \/>\n\t<meta name=\"twitter:data1\" content=\"2\u00a0Minuten\" \/>\n<script type=\"application\/ld+json\" class=\"yoast-schema-graph\">{\"@context\":\"https:\\\/\\\/schema.org\",\"@graph\":[{\"@type\":\"WebPage\",\"@id\":\"https:\\\/\\\/expo-apprentissage.ch\\\/de\\\/themes\\\/profi-werden\\\/\",\"url\":\"https:\\\/\\\/expo-apprentissage.ch\\\/de\\\/themes\\\/profi-werden\\\/\",\"name\":\"Profi werden - Au c\u0153ur de l&#039;apprentissage\",\"isPartOf\":{\"@id\":\"https:\\\/\\\/expo-apprentissage.ch\\\/#website\"},\"primaryImageOfPage\":{\"@id\":\"https:\\\/\\\/expo-apprentissage.ch\\\/de\\\/themes\\\/profi-werden\\\/#primaryimage\"},\"image\":{\"@id\":\"https:\\\/\\\/expo-apprentissage.ch\\\/de\\\/themes\\\/profi-werden\\\/#primaryimage\"},\"thumbnailUrl\":\"https:\\\/\\\/expo-apprentissage.ch\\\/wp-content\\\/uploads\\\/2020\\\/01\\\/8-DIG-4945_LM-101718.jpg\",\"datePublished\":\"2019-11-30T15:06:40+00:00\",\"dateModified\":\"2021-06-03T14:52:22+00:00\",\"breadcrumb\":{\"@id\":\"https:\\\/\\\/expo-apprentissage.ch\\\/de\\\/themes\\\/profi-werden\\\/#breadcrumb\"},\"inLanguage\":\"de\",\"potentialAction\":[{\"@type\":\"ReadAction\",\"target\":[\"https:\\\/\\\/expo-apprentissage.ch\\\/de\\\/themes\\\/profi-werden\\\/\"]}]},{\"@type\":\"ImageObject\",\"inLanguage\":\"de\",\"@id\":\"https:\\\/\\\/expo-apprentissage.ch\\\/de\\\/themes\\\/profi-werden\\\/#primaryimage\",\"url\":\"https:\\\/\\\/expo-apprentissage.ch\\\/wp-content\\\/uploads\\\/2020\\\/01\\\/8-DIG-4945_LM-101718.jpg\",\"contentUrl\":\"https:\\\/\\\/expo-apprentissage.ch\\\/wp-content\\\/uploads\\\/2020\\\/01\\\/8-DIG-4945_LM-101718.jpg\",\"width\":2300,\"height\":1608},{\"@type\":\"BreadcrumbList\",\"@id\":\"https:\\\/\\\/expo-apprentissage.ch\\\/de\\\/themes\\\/profi-werden\\\/#breadcrumb\",\"itemListElement\":[{\"@type\":\"ListItem\",\"position\":1,\"name\":\"Accueil\",\"item\":\"https:\\\/\\\/expo-apprentissage.ch\\\/de\\\/\"},{\"@type\":\"ListItem\",\"position\":2,\"name\":\"Themen\",\"item\":\"https:\\\/\\\/expo-apprentissage.ch\\\/de\\\/themes\\\/\"},{\"@type\":\"ListItem\",\"position\":3,\"name\":\"Profi werden\"}]},{\"@type\":\"WebSite\",\"@id\":\"https:\\\/\\\/expo-apprentissage.ch\\\/#website\",\"url\":\"https:\\\/\\\/expo-apprentissage.ch\\\/\",\"name\":\"Au c\u0153ur de l&#039;apprentissage\",\"description\":\"Exposition\",\"potentialAction\":[{\"@type\":\"SearchAction\",\"target\":{\"@type\":\"EntryPoint\",\"urlTemplate\":\"https:\\\/\\\/expo-apprentissage.ch\\\/?s={search_term_string}\"},\"query-input\":{\"@type\":\"PropertyValueSpecification\",\"valueRequired\":true,\"valueName\":\"search_term_string\"}}],\"inLanguage\":\"de\"}]}<\/script>\n<!-- \/ Yoast SEO plugin. -->","yoast_head_json":{"title":"Profi werden - Au c\u0153ur de l&#039;apprentissage","robots":{"index":"index","follow":"follow","max-snippet":"max-snippet:-1","max-image-preview":"max-image-preview:large","max-video-preview":"max-video-preview:-1"},"canonical":"https:\/\/expo-apprentissage.ch\/de\/themes\/profi-werden\/","og_locale":"de_DE","og_type":"article","og_title":"Profi werden - Au c\u0153ur de l&#039;apprentissage","og_description":"&#8222;Willkommen bei den Profis&#8222; Zu den zentralen Momenten von Berufsbildnern und Berufsbilderinnen geh\u00f6rt das Ausbildungsende und insbesondere der Moment, wenn die Lernenden an der Diplomfeier ihren Abschluss entgegennehmen. Das ist ein Erfolg sowohl f\u00fcr die Lernenden, die ihre Ausbildung nach zwei, drei oder vier Jahren erfolgreich zu Ende gef\u00fchrt haben -oder l\u00e4ngerer Zeit, wenn ein [&hellip;]","og_url":"https:\/\/expo-apprentissage.ch\/de\/themes\/profi-werden\/","og_site_name":"Au c\u0153ur de l&#039;apprentissage","article_modified_time":"2021-06-03T14:52:22+00:00","og_image":[{"width":2300,"height":1608,"url":"https:\/\/expo-apprentissage.ch\/wp-content\/uploads\/2020\/01\/8-DIG-4945_LM-101718.jpg","type":"image\/jpeg"}],"twitter_card":"summary_large_image","twitter_misc":{"Gesch\u00e4tzte Lesezeit":"2\u00a0Minuten"},"schema":{"@context":"https:\/\/schema.org","@graph":[{"@type":"WebPage","@id":"https:\/\/expo-apprentissage.ch\/de\/themes\/profi-werden\/","url":"https:\/\/expo-apprentissage.ch\/de\/themes\/profi-werden\/","name":"Profi werden - Au c\u0153ur de l&#039;apprentissage","isPartOf":{"@id":"https:\/\/expo-apprentissage.ch\/#website"},"primaryImageOfPage":{"@id":"https:\/\/expo-apprentissage.ch\/de\/themes\/profi-werden\/#primaryimage"},"image":{"@id":"https:\/\/expo-apprentissage.ch\/de\/themes\/profi-werden\/#primaryimage"},"thumbnailUrl":"https:\/\/expo-apprentissage.ch\/wp-content\/uploads\/2020\/01\/8-DIG-4945_LM-101718.jpg","datePublished":"2019-11-30T15:06:40+00:00","dateModified":"2021-06-03T14:52:22+00:00","breadcrumb":{"@id":"https:\/\/expo-apprentissage.ch\/de\/themes\/profi-werden\/#breadcrumb"},"inLanguage":"de","potentialAction":[{"@type":"ReadAction","target":["https:\/\/expo-apprentissage.ch\/de\/themes\/profi-werden\/"]}]},{"@type":"ImageObject","inLanguage":"de","@id":"https:\/\/expo-apprentissage.ch\/de\/themes\/profi-werden\/#primaryimage","url":"https:\/\/expo-apprentissage.ch\/wp-content\/uploads\/2020\/01\/8-DIG-4945_LM-101718.jpg","contentUrl":"https:\/\/expo-apprentissage.ch\/wp-content\/uploads\/2020\/01\/8-DIG-4945_LM-101718.jpg","width":2300,"height":1608},{"@type":"BreadcrumbList","@id":"https:\/\/expo-apprentissage.ch\/de\/themes\/profi-werden\/#breadcrumb","itemListElement":[{"@type":"ListItem","position":1,"name":"Accueil","item":"https:\/\/expo-apprentissage.ch\/de\/"},{"@type":"ListItem","position":2,"name":"Themen","item":"https:\/\/expo-apprentissage.ch\/de\/themes\/"},{"@type":"ListItem","position":3,"name":"Profi werden"}]},{"@type":"WebSite","@id":"https:\/\/expo-apprentissage.ch\/#website","url":"https:\/\/expo-apprentissage.ch\/","name":"Au c\u0153ur de l&#039;apprentissage","description":"Exposition","potentialAction":[{"@type":"SearchAction","target":{"@type":"EntryPoint","urlTemplate":"https:\/\/expo-apprentissage.ch\/?s={search_term_string}"},"query-input":{"@type":"PropertyValueSpecification","valueRequired":true,"valueName":"search_term_string"}}],"inLanguage":"de"}]}},"_links":{"self":[{"href":"https:\/\/expo-apprentissage.ch\/de\/wp-json\/wp\/v2\/pages\/627","targetHints":{"allow":["GET"]}}],"collection":[{"href":"https:\/\/expo-apprentissage.ch\/de\/wp-json\/wp\/v2\/pages"}],"about":[{"href":"https:\/\/expo-apprentissage.ch\/de\/wp-json\/wp\/v2\/types\/page"}],"author":[{"embeddable":true,"href":"https:\/\/expo-apprentissage.ch\/de\/wp-json\/wp\/v2\/users\/1"}],"replies":[{"embeddable":true,"href":"https:\/\/expo-apprentissage.ch\/de\/wp-json\/wp\/v2\/comments?post=627"}],"version-history":[{"count":13,"href":"https:\/\/expo-apprentissage.ch\/de\/wp-json\/wp\/v2\/pages\/627\/revisions"}],"predecessor-version":[{"id":1424,"href":"https:\/\/expo-apprentissage.ch\/de\/wp-json\/wp\/v2\/pages\/627\/revisions\/1424"}],"up":[{"embeddable":true,"href":"https:\/\/expo-apprentissage.ch\/de\/wp-json\/wp\/v2\/pages\/348"}],"wp:featuredmedia":[{"embeddable":true,"href":"https:\/\/expo-apprentissage.ch\/de\/wp-json\/wp\/v2\/media\/384"}],"wp:attachment":[{"href":"https:\/\/expo-apprentissage.ch\/de\/wp-json\/wp\/v2\/media?parent=627"}],"curies":[{"name":"wp","href":"https:\/\/api.w.org\/{rel}","templated":true}]}}