{"id":622,"date":"2019-11-30T16:06:13","date_gmt":"2019-11-30T15:06:13","guid":{"rendered":"https:\/\/hawai.li\/apprentissage\/themes\/lembauche\/"},"modified":"2021-06-03T16:51:17","modified_gmt":"2021-06-03T14:51:17","slug":"die-anstellung","status":"publish","type":"page","link":"https:\/\/expo-apprentissage.ch\/de\/themes\/die-anstellung\/","title":{"rendered":"Die Anstellung"},"content":{"rendered":"\n<h2 class=\"wp-block-heading\">\u00ab <strong>Der erste Schritt: eine Lehrstelle finden<\/strong> \u00bb<\/h2>\n\n\n\n<p>Der erste Schritt von Jugendlichen, die sich nach dem Austritt aus der obligatorischen Schule f\u00fcr eine Berufslehre entscheiden, ist die Suche nach einer Lehrstelle in einem Lehrbetrieb.<\/p>\n\n\n\n<p>Die meisten von ihnen hatten bisher kaum Kontakt zur Berufswelt und m\u00fcssen sich nun, im zarten Alter von etwa 15 Jahren, mit dem Einmaleins des Bewerbens vertraut machen, das nicht nur auf dem Lehrstellenmarkt seine G\u00fcltigkeit hat, sondern sp\u00e4ter auch auf dem Arbeitsmarkt. Ist die Berufswahl einmal gef\u00e4llt, m\u00fcssen die Jugendlichen ihr Bewerbungsdossier vorbereiten, das heisst: einen Lebenslauf schreiben und Bewerbungsschreiben verfassen. Einige Lehrbetriebe verlangen zudem, dass Bewerberinnen und Bewerber den <a href=\"https:\/\/www.gateway.one\/de-CH\/multicheck-eignungsanalyse.html\" target=\"_blank\" rel=\"noreferrer noopener\" aria-label=\"Multicheck\u00a9-Test (s\u2019ouvre dans un nouvel onglet)\">Multicheck\u00a9-Test<\/a> absolvieren. Kommt ihr Bewerbungsdossier in die engere Auswahl, steht das Vorstellungsgespr\u00e4ch an, das h\u00e4ufig durch eine mehrt\u00e4gige Schnupperlehre im Betrieb erg\u00e4nzt wird. Hier treffen die Jugendlichen auf die Personen, die f\u00fcr die Rekrutierung zust\u00e4ndig sind (Gesch\u00e4ftsinhaber, Berufsbildnerin, Bildungsverantwortliche oder HR-Fachpersonen, je nach Unternehmensgr\u00f6sse und -organisation) sowie auf die anderen Mitarbeitenden des Betriebs. Nun ist es wichtig, dass sich die Jugendlichen ins richtige Bild r\u00fccken (Kleidung, Sprache, Verhalten) und zeigen, dass sie motiviert sind, denn es gilt, die Lehrbetriebe von sich zu \u00fcberzeugen, um die Lehrstelle zu ergattern.<\/p>\n\n\n\n<p>In diesem ganzen Bewerbungsprozess werden die zuk\u00fcnftigen Lernenden mit einem <a href=\"https:\/\/expo-apprentissage.ch\/wp-content\/uploads\/2020\/03\/Nahtstellenbarometer_gfs_2019_DE.pdf\" target=\"_blank\" rel=\"noreferrer noopener\" aria-label=\"Lehrstellenmarkt (s\u2019ouvre dans un nouvel onglet)\">Lehrstellenmarkt<\/a> konfrontiert, der ebenso hart umk\u00e4mpft ist wie der Arbeitsmarkt. Wie gross der Wettbewerb auf dem Lehrstellenmarkt ist, h\u00e4ngt vom Wunschberuf ab. Kandidaten\/innen f\u00fcr eine Lehrstelle m\u00fcssen sich bei vielen Lehrbetrieben bewerben, bis sie eine Lehrstelle finden. Doch nicht immer finden sie auch wirklich eine Lehrstelle in ihrem Wunschberuf.<\/p>\n\n\n\n<p>Bei der Lehrstellensuche und im Anstellungsprozess machen die Jugendlichen den ersten Schritt auf dem Weg, den man <a href=\"https:\/\/www.tree.unibe.ch\/index_ger.html\" target=\"_blank\" rel=\"noreferrer noopener\" aria-label=\"\u00dcbergang von der Schule in die Arbeitswelt (s\u2019ouvre dans un nouvel onglet)\">\u00dcbergang von der Schule in die Arbeitswelt<\/a> nennt. Von der Erstellung des Lebenslaufs bis hin zur Selbstpr\u00e4sentation sammeln sie dabei wichtige Erfahrungen f\u00fcr ihre weitere berufliche Laufbahn in einem Umfeld, in dem das <a href=\"https:\/\/expo-apprentissage.ch\/wp-content\/uploads\/2020\/03\/Comp%C3%A9tences-transversales_Education-et-socialisation_2018.pdf\" target=\"_blank\" rel=\"noreferrer noopener\" aria-label=\"Verhalten  (s\u2019ouvre dans un nouvel onglet)\">Verhalten <\/a>eine wichtige Rolle spielt. Es handelt sich um eine anspruchsvolle Phase, die Vorbereitungs- und Begleitarbeit erfordert.<\/p>\n\n\n\n<h2 class=\"wp-block-heading\">\u00ab <strong>Die richtige Person f\u00fcr den Job<\/strong> \u00bb <\/h2>\n\n\n\n<p>Die Berufslehre ist in der Schweiz stark verankert, und deshalb sind Lehrbetriebe regelm\u00e4ssig auf der Suche nach Lernenden. F\u00fcr sie gilt es, <a href=\"https:\/\/expo-apprentissage.ch\/wp-content\/uploads\/2020\/03\/Imdorf-2007.pdf\" target=\"_blank\" rel=\"noreferrer noopener\" aria-label=\"die \u00abrichtige Person\u00bb zu finden (s\u2019ouvre dans un nouvel onglet)\">die \u00abrichtige Person\u00bb zu finden<\/a>, die Person, von der sie denken, dass sie den Beruf mag, dass es ihr im Lehrbetrieb gef\u00e4llt und sie den Abschluss schaffen wird.<\/p>\n\n\n\n<p><a href=\"https:\/\/expo-apprentissage.ch\/wp-content\/uploads\/2020\/04\/21_Gehret_Schweri_DE-1.pdf\" target=\"_blank\" rel=\"noreferrer noopener\" aria-label=\"F\u00fcr die Lehrbetriebe (s\u2019ouvre dans un nouvel onglet)\">F\u00fcr die Lehrbetriebe<\/a> bedeutet die Einstellung von Lernenden, junge Menschen auf den Beruf vorzubereiten und so den beruflichen Nachwuchs zu sichern. Zugleich bilden sie auch k\u00fcnftige Mitarbeitende des Betriebs aus. F\u00fcr die Lehrbetriebe ist es wichtig, dass sie sich richtig entscheiden, schliesslich wollen sie Schwierigkeiten vermeiden die gar zu einer Lehrvertragsaufl\u00f6sung nach den ersten Monaten f\u00fchren k\u00f6nnten. <\/p>\n\n\n\n<p>Bei der Sichtung der Bewerbungsdossiers von Jugendlichen, die kurz vor dem Abschluss der obligatorischen Schule stehen oder diese k\u00fcrzlich abgeschlossen haben, versuchen die f\u00fcr die Rekrutierung zust\u00e4ndigen Personen (HR-Personal in Grossunternehmen, Berufsbildner\/innen oder Gesch\u00e4ftsinhaber\/innen in kleinen und mittleren Betrieben) herauszufinden, wer die oder der \u00abrichtige Lernende\u00bb f\u00fcr ihren Betrieb ist. Dabei st\u00fctzen sie sich auf die schulischen Leistungen der Bewerberinnen und Bewerber und auf die Ergebnisse von Tests wie z.&nbsp;B. Multicheck\u00a9, doch nat\u00fcrlich machen sie sich auch w\u00e4hrend einer Schnupperlehre oder im Vorstellungsgespr\u00e4ch ein Bild von den Bewerberinnen und Bewerbern. Dieses Gespr\u00e4ch bedeutet ein erstes pers\u00f6nliches Treffen. Hier werden die Interessen und Pl\u00e4ne der jungen Bewerberinnen und Bewerber den Erwartungen, Bed\u00fcrfnissen und Anforderungen der Lehrbetriebe gegen\u00fcbergestellt. Neben den bereits erw\u00e4hnten messbaren Kriterien (Schulnoten, Testergebnisse, Schnupperlehre) <a href=\"https:\/\/expo-apprentissage.ch\/wp-content\/uploads\/2020\/03\/Ruiz_Goastellec_formation_emploi_FR.pdf\" target=\"_blank\" rel=\"noreferrer noopener\" aria-label=\"spielen bei der Auswahl von Lernenden noch weitere Kriterien eine entscheidende Rolle (s\u2019ouvre dans un nouvel onglet)\">spielen bei der Auswahl von Lernenden noch weitere Kriterien eine entscheidende Rolle<\/a> (Kleidung, Verhalten, Aussrucksweise, Bauchgef\u00fchl). <\/p>\n\n\n\n<p>Die Anstellung ist ein heikler Moment f\u00fcr Lernende und Lehrbetriebe. F\u00fcr die Lernenden birgt sie die Gefahr, dass mitunter seit der Kindheit gehegte berufliche Zukunftstr\u00e4ume mit einem Mal zerschmettert werden. F\u00fcr die Lehrbetriebe geht mit der Anstellung einer lernenden Person das Risiko einher, dass die oder der gew\u00e4hlte Lernende diesen Beruf eigentlich gar nicht ergreifen wollte. In der Tat gibt es Berufe, die bei Jugendlichen weniger Anklang finden, die sie aber aus verschiedenen Gr\u00fcnden letztlich trotzdem ergreifen, etwa weil sie keine Lehrstelle im Wunschberuf finden oder die schulischen Leistungen f\u00fcr den Wunschberuf nicht ausreichen.<\/p>\n\n\n    <a class=\"btn btn-5\" href=\"https:\/\/expo-apprentissage.ch\/de\/themes\/les-difficultes#embauche\" target=\"\">\n        Die Schwierigkeiten    <\/a>\n\n","protected":false},"excerpt":{"rendered":"<p>\u00ab Der erste Schritt: eine Lehrstelle finden \u00bb Der erste Schritt von Jugendlichen, die sich nach dem Austritt aus der obligatorischen Schule f\u00fcr eine Berufslehre entscheiden, ist die Suche nach einer Lehrstelle in einem Lehrbetrieb. Die meisten von ihnen hatten bisher kaum Kontakt zur Berufswelt und m\u00fcssen sich nun, im zarten Alter von etwa 15 [&hellip;]<\/p>\n","protected":false},"author":1,"featured_media":380,"parent":348,"menu_order":38,"comment_status":"closed","ping_status":"closed","template":"template-theme.php","meta":{"_acf_changed":false,"footnotes":""},"class_list":["post-622","page","type-page","status-publish","has-post-thumbnail","hentry"],"acf":[],"yoast_head":"<!-- This site is optimized with the Yoast SEO plugin v27.3 - https:\/\/yoast.com\/product\/yoast-seo-wordpress\/ -->\n<title>Die Anstellung - Au c\u0153ur de l&#039;apprentissage<\/title>\n<meta name=\"robots\" content=\"index, follow, max-snippet:-1, max-image-preview:large, max-video-preview:-1\" \/>\n<link rel=\"canonical\" href=\"https:\/\/expo-apprentissage.ch\/de\/themes\/die-anstellung\/\" \/>\n<meta property=\"og:locale\" content=\"de_DE\" \/>\n<meta property=\"og:type\" content=\"article\" \/>\n<meta property=\"og:title\" content=\"Die Anstellung - Au c\u0153ur de l&#039;apprentissage\" \/>\n<meta property=\"og:description\" content=\"\u00ab Der erste Schritt: eine Lehrstelle finden \u00bb Der erste Schritt von Jugendlichen, die sich nach dem Austritt aus der obligatorischen Schule f\u00fcr eine Berufslehre entscheiden, ist die Suche nach einer Lehrstelle in einem Lehrbetrieb. Die meisten von ihnen hatten bisher kaum Kontakt zur Berufswelt und m\u00fcssen sich nun, im zarten Alter von etwa 15 [&hellip;]\" \/>\n<meta property=\"og:url\" content=\"https:\/\/expo-apprentissage.ch\/de\/themes\/die-anstellung\/\" \/>\n<meta property=\"og:site_name\" content=\"Au c\u0153ur de l&#039;apprentissage\" \/>\n<meta property=\"article:modified_time\" content=\"2021-06-03T14:51:17+00:00\" \/>\n<meta property=\"og:image\" content=\"https:\/\/expo-apprentissage.ch\/wp-content\/uploads\/2020\/01\/9-Sulzer_lehrl_koerperl_entw.jpg\" \/>\n\t<meta property=\"og:image:width\" content=\"2560\" \/>\n\t<meta property=\"og:image:height\" content=\"1536\" \/>\n\t<meta property=\"og:image:type\" content=\"image\/jpeg\" \/>\n<meta name=\"twitter:card\" content=\"summary_large_image\" \/>\n<meta name=\"twitter:label1\" content=\"Gesch\u00e4tzte Lesezeit\" \/>\n\t<meta name=\"twitter:data1\" content=\"3\u00a0Minuten\" \/>\n<script type=\"application\/ld+json\" class=\"yoast-schema-graph\">{\"@context\":\"https:\\\/\\\/schema.org\",\"@graph\":[{\"@type\":\"WebPage\",\"@id\":\"https:\\\/\\\/expo-apprentissage.ch\\\/de\\\/themes\\\/die-anstellung\\\/\",\"url\":\"https:\\\/\\\/expo-apprentissage.ch\\\/de\\\/themes\\\/die-anstellung\\\/\",\"name\":\"Die Anstellung - Au c\u0153ur de l&#039;apprentissage\",\"isPartOf\":{\"@id\":\"https:\\\/\\\/expo-apprentissage.ch\\\/#website\"},\"primaryImageOfPage\":{\"@id\":\"https:\\\/\\\/expo-apprentissage.ch\\\/de\\\/themes\\\/die-anstellung\\\/#primaryimage\"},\"image\":{\"@id\":\"https:\\\/\\\/expo-apprentissage.ch\\\/de\\\/themes\\\/die-anstellung\\\/#primaryimage\"},\"thumbnailUrl\":\"https:\\\/\\\/expo-apprentissage.ch\\\/wp-content\\\/uploads\\\/2020\\\/01\\\/9-Sulzer_lehrl_koerperl_entw.jpg\",\"datePublished\":\"2019-11-30T15:06:13+00:00\",\"dateModified\":\"2021-06-03T14:51:17+00:00\",\"breadcrumb\":{\"@id\":\"https:\\\/\\\/expo-apprentissage.ch\\\/de\\\/themes\\\/die-anstellung\\\/#breadcrumb\"},\"inLanguage\":\"de\",\"potentialAction\":[{\"@type\":\"ReadAction\",\"target\":[\"https:\\\/\\\/expo-apprentissage.ch\\\/de\\\/themes\\\/die-anstellung\\\/\"]}]},{\"@type\":\"ImageObject\",\"inLanguage\":\"de\",\"@id\":\"https:\\\/\\\/expo-apprentissage.ch\\\/de\\\/themes\\\/die-anstellung\\\/#primaryimage\",\"url\":\"https:\\\/\\\/expo-apprentissage.ch\\\/wp-content\\\/uploads\\\/2020\\\/01\\\/9-Sulzer_lehrl_koerperl_entw.jpg\",\"contentUrl\":\"https:\\\/\\\/expo-apprentissage.ch\\\/wp-content\\\/uploads\\\/2020\\\/01\\\/9-Sulzer_lehrl_koerperl_entw.jpg\",\"width\":2560,\"height\":1536},{\"@type\":\"BreadcrumbList\",\"@id\":\"https:\\\/\\\/expo-apprentissage.ch\\\/de\\\/themes\\\/die-anstellung\\\/#breadcrumb\",\"itemListElement\":[{\"@type\":\"ListItem\",\"position\":1,\"name\":\"Accueil\",\"item\":\"https:\\\/\\\/expo-apprentissage.ch\\\/de\\\/\"},{\"@type\":\"ListItem\",\"position\":2,\"name\":\"Themen\",\"item\":\"https:\\\/\\\/expo-apprentissage.ch\\\/de\\\/themes\\\/\"},{\"@type\":\"ListItem\",\"position\":3,\"name\":\"Die Anstellung\"}]},{\"@type\":\"WebSite\",\"@id\":\"https:\\\/\\\/expo-apprentissage.ch\\\/#website\",\"url\":\"https:\\\/\\\/expo-apprentissage.ch\\\/\",\"name\":\"Au c\u0153ur de l&#039;apprentissage\",\"description\":\"Exposition\",\"potentialAction\":[{\"@type\":\"SearchAction\",\"target\":{\"@type\":\"EntryPoint\",\"urlTemplate\":\"https:\\\/\\\/expo-apprentissage.ch\\\/?s={search_term_string}\"},\"query-input\":{\"@type\":\"PropertyValueSpecification\",\"valueRequired\":true,\"valueName\":\"search_term_string\"}}],\"inLanguage\":\"de\"}]}<\/script>\n<!-- \/ Yoast SEO plugin. -->","yoast_head_json":{"title":"Die Anstellung - Au c\u0153ur de l&#039;apprentissage","robots":{"index":"index","follow":"follow","max-snippet":"max-snippet:-1","max-image-preview":"max-image-preview:large","max-video-preview":"max-video-preview:-1"},"canonical":"https:\/\/expo-apprentissage.ch\/de\/themes\/die-anstellung\/","og_locale":"de_DE","og_type":"article","og_title":"Die Anstellung - Au c\u0153ur de l&#039;apprentissage","og_description":"\u00ab Der erste Schritt: eine Lehrstelle finden \u00bb Der erste Schritt von Jugendlichen, die sich nach dem Austritt aus der obligatorischen Schule f\u00fcr eine Berufslehre entscheiden, ist die Suche nach einer Lehrstelle in einem Lehrbetrieb. Die meisten von ihnen hatten bisher kaum Kontakt zur Berufswelt und m\u00fcssen sich nun, im zarten Alter von etwa 15 [&hellip;]","og_url":"https:\/\/expo-apprentissage.ch\/de\/themes\/die-anstellung\/","og_site_name":"Au c\u0153ur de l&#039;apprentissage","article_modified_time":"2021-06-03T14:51:17+00:00","og_image":[{"width":2560,"height":1536,"url":"https:\/\/expo-apprentissage.ch\/wp-content\/uploads\/2020\/01\/9-Sulzer_lehrl_koerperl_entw.jpg","type":"image\/jpeg"}],"twitter_card":"summary_large_image","twitter_misc":{"Gesch\u00e4tzte Lesezeit":"3\u00a0Minuten"},"schema":{"@context":"https:\/\/schema.org","@graph":[{"@type":"WebPage","@id":"https:\/\/expo-apprentissage.ch\/de\/themes\/die-anstellung\/","url":"https:\/\/expo-apprentissage.ch\/de\/themes\/die-anstellung\/","name":"Die Anstellung - Au c\u0153ur de l&#039;apprentissage","isPartOf":{"@id":"https:\/\/expo-apprentissage.ch\/#website"},"primaryImageOfPage":{"@id":"https:\/\/expo-apprentissage.ch\/de\/themes\/die-anstellung\/#primaryimage"},"image":{"@id":"https:\/\/expo-apprentissage.ch\/de\/themes\/die-anstellung\/#primaryimage"},"thumbnailUrl":"https:\/\/expo-apprentissage.ch\/wp-content\/uploads\/2020\/01\/9-Sulzer_lehrl_koerperl_entw.jpg","datePublished":"2019-11-30T15:06:13+00:00","dateModified":"2021-06-03T14:51:17+00:00","breadcrumb":{"@id":"https:\/\/expo-apprentissage.ch\/de\/themes\/die-anstellung\/#breadcrumb"},"inLanguage":"de","potentialAction":[{"@type":"ReadAction","target":["https:\/\/expo-apprentissage.ch\/de\/themes\/die-anstellung\/"]}]},{"@type":"ImageObject","inLanguage":"de","@id":"https:\/\/expo-apprentissage.ch\/de\/themes\/die-anstellung\/#primaryimage","url":"https:\/\/expo-apprentissage.ch\/wp-content\/uploads\/2020\/01\/9-Sulzer_lehrl_koerperl_entw.jpg","contentUrl":"https:\/\/expo-apprentissage.ch\/wp-content\/uploads\/2020\/01\/9-Sulzer_lehrl_koerperl_entw.jpg","width":2560,"height":1536},{"@type":"BreadcrumbList","@id":"https:\/\/expo-apprentissage.ch\/de\/themes\/die-anstellung\/#breadcrumb","itemListElement":[{"@type":"ListItem","position":1,"name":"Accueil","item":"https:\/\/expo-apprentissage.ch\/de\/"},{"@type":"ListItem","position":2,"name":"Themen","item":"https:\/\/expo-apprentissage.ch\/de\/themes\/"},{"@type":"ListItem","position":3,"name":"Die Anstellung"}]},{"@type":"WebSite","@id":"https:\/\/expo-apprentissage.ch\/#website","url":"https:\/\/expo-apprentissage.ch\/","name":"Au c\u0153ur de l&#039;apprentissage","description":"Exposition","potentialAction":[{"@type":"SearchAction","target":{"@type":"EntryPoint","urlTemplate":"https:\/\/expo-apprentissage.ch\/?s={search_term_string}"},"query-input":{"@type":"PropertyValueSpecification","valueRequired":true,"valueName":"search_term_string"}}],"inLanguage":"de"}]}},"_links":{"self":[{"href":"https:\/\/expo-apprentissage.ch\/de\/wp-json\/wp\/v2\/pages\/622","targetHints":{"allow":["GET"]}}],"collection":[{"href":"https:\/\/expo-apprentissage.ch\/de\/wp-json\/wp\/v2\/pages"}],"about":[{"href":"https:\/\/expo-apprentissage.ch\/de\/wp-json\/wp\/v2\/types\/page"}],"author":[{"embeddable":true,"href":"https:\/\/expo-apprentissage.ch\/de\/wp-json\/wp\/v2\/users\/1"}],"replies":[{"embeddable":true,"href":"https:\/\/expo-apprentissage.ch\/de\/wp-json\/wp\/v2\/comments?post=622"}],"version-history":[{"count":18,"href":"https:\/\/expo-apprentissage.ch\/de\/wp-json\/wp\/v2\/pages\/622\/revisions"}],"predecessor-version":[{"id":1446,"href":"https:\/\/expo-apprentissage.ch\/de\/wp-json\/wp\/v2\/pages\/622\/revisions\/1446"}],"up":[{"embeddable":true,"href":"https:\/\/expo-apprentissage.ch\/de\/wp-json\/wp\/v2\/pages\/348"}],"wp:featuredmedia":[{"embeddable":true,"href":"https:\/\/expo-apprentissage.ch\/de\/wp-json\/wp\/v2\/media\/380"}],"wp:attachment":[{"href":"https:\/\/expo-apprentissage.ch\/de\/wp-json\/wp\/v2\/media?parent=622"}],"curies":[{"name":"wp","href":"https:\/\/api.w.org\/{rel}","templated":true}]}}