{"id":347,"date":"2019-11-30T16:05:55","date_gmt":"2019-11-30T15:05:55","guid":{"rendered":"https:\/\/hawai.li\/apprentissage\/le-systeme-suisse-dapprentissage\/"},"modified":"2021-06-03T16:50:51","modified_gmt":"2021-06-03T14:50:51","slug":"das-schweizerische-berufsbildungssystem","status":"publish","type":"page","link":"https:\/\/expo-apprentissage.ch\/de\/themes\/das-schweizerische-berufsbildungssystem\/","title":{"rendered":"Das schweizerische Berufsbildungssystem"},"content":{"rendered":"\n<h2 class=\"wp-block-heading\">\u00ab <strong>Die Berufslehre: der meist gew\u00e4hlte Bildungsweg von Jugendlichen<\/strong> \u00bb<\/h2>\n\n\n\n<p>68 Prozent der Jugendlichen, die sich f\u00fcr eine <a href=\"https:\/\/expo-apprentissage.ch\/wp-content\/uploads\/2020\/03\/Fakten_Zahlen_BB2019_sbfi_DE.pdf\" target=\"_blank\" rel=\"noreferrer noopener\" aria-label=\"Berufsbildung (s\u2019ouvre dans un nouvel onglet)\">Berufsbildung<\/a> entscheiden, beginnen eine Lehre, die an drei Lernorten stattfindet. Die berufspraktische Ausbildung erfolgt an drei bis vier Tagen pro Woche im Lehrbetrieb. An einem bis zwei Tagen pro Woche besuchen die Lernenden die Berufsfachschule. Beim dritten Lernort handelt es sich um die \u00fcberbetrieblichen Kurse, die die Lernenden punktuell besuchen, um sich einheitliches theoretisches Wissen und grundlegende Fertigkeiten ihres Berufs anzueignen. Die restlichen Lernenden machen eine vollschulische Ausbildung und erlernen die berufliche Praxis in Lehrwerkst\u00e4tten. Auch hier gibt es Unterschiede zwischen den Kantonen. In der franz\u00f6sisch- und italienischsprachigen Schweiz etwa ist die vollschulische Ausbildung beliebter als in der Deutschschweiz.<\/p>\n\n\n\n<p>Es gibt <a rel=\"noreferrer noopener\" aria-label=\"230 Lehrberufe (s\u2019ouvre dans un nouvel onglet)\" href=\"https:\/\/www.berufsberatung.ch\/dyn\/show\/1418?lang=de\" target=\"_blank\">230 Lehrberufe<\/a> und zwei Berufsabschl\u00fcsse. Die meisten Jugendlichen absolvieren eine drei- oder vierj\u00e4hrige berufliche Grundbildung, die mit einem eidgen\u00f6ssischen F\u00e4higkeitszeugnis (EFZ) abgeschlossen wird. Die zweij\u00e4hrige berufliche Grundbildung wurde 2004 mit dem neuen Berufsbildungsgesetz eingef\u00fchrt. Sie f\u00fchrt zum eidgen\u00f6ssischen Berufsattest (EBA). Jugendliche, die eine EBA-Ausbildung abgeschlossen haben, haben grunds\u00e4tzlich die <a href=\"https:\/\/expo-apprentissage.ch\/wp-content\/uploads\/2020\/03\/Bildungssystem_DE.pdf\" target=\"_blank\" rel=\"noreferrer noopener\" aria-label=\"M\u00f6glichkeit, ihre Ausbildung fortzusetzen (s\u2019ouvre dans un nouvel onglet)\">M\u00f6glichkeit, ihre Ausbildung fortzusetzen<\/a> und ein EFZ zu erlangen. Ein Drittel der EBA-Inhaberinnen und -Inhaber nimmt diese M\u00f6glichkeit in Anspruch.<\/p>\n\n\n\n<p>Die Lehre hat eine lange Tradition. Sie wurde Ende des 19. Jahrhunderts geschaffen und hat in der Bildungslandschaft der Schweiz, aber auch im Ausland einen hohen Stellenwert. Sie gilt als Bildungsweg, der einen erfolgreichen Einstieg in die Arbeitswelt erleichtert und damit nicht nur das Erlenen eines Berufs, sondern auch eine gelungene berufliche Integration erm\u00f6glicht. Gegenw\u00e4rtig liegt der Fokus der Berufsbildung bei der Durchl\u00e4ssigkeit zwischen den verschiedenen Bildungswegen, vom EBA\u2013EFZ-h\u00f6here Berufsbildung oder Fachhochschule (wobei f\u00fcr letztere eine Berufsmaturit\u00e4t vorausgesetzt wird). H\u00e4ufig wird die niedrige Jugendarbeitslosigkeit in der Schweiz mit dem Berufsbildungssystem in Verbindung gebracht. <a href=\"https:\/\/www.letemps.ch\/economie\/apprentissage-illusions-lapparence\" target=\"_blank\" rel=\"noreferrer noopener\" aria-label=\"Dass die Berufslehre so erfolgreich ist, liegt aber auch an der g\u00fcnstigen Konjunkturlage der Schweiz (s\u2019ouvre dans un nouvel onglet)\">Dass die Berufslehre so erfolgreich ist, liegt aber auch an der g\u00fcnstigen Konjunkturlage der Schweiz<\/a>. <\/p>\n\n\n    <a class=\"btn btn-5\" href=\"https:\/\/expo-apprentissage.ch\/de\/themes\/les-difficultes#passage\" target=\"\">\n        Die Schwierigkeiten    <\/a>\n\n","protected":false},"excerpt":{"rendered":"<p>\u00ab Die Berufslehre: der meist gew\u00e4hlte Bildungsweg von Jugendlichen \u00bb 68 Prozent der Jugendlichen, die sich f\u00fcr eine Berufsbildung entscheiden, beginnen eine Lehre, die an drei Lernorten stattfindet. Die berufspraktische Ausbildung erfolgt an drei bis vier Tagen pro Woche im Lehrbetrieb. An einem bis zwei Tagen pro Woche besuchen die Lernenden die Berufsfachschule. Beim dritten [&hellip;]<\/p>\n","protected":false},"author":1,"featured_media":396,"parent":348,"menu_order":37,"comment_status":"closed","ping_status":"closed","template":"template-theme.php","meta":{"_acf_changed":false,"footnotes":""},"class_list":["post-347","page","type-page","status-publish","has-post-thumbnail","hentry"],"acf":[],"yoast_head":"<!-- This site is optimized with the Yoast SEO plugin v27.3 - https:\/\/yoast.com\/product\/yoast-seo-wordpress\/ -->\n<title>Das schweizerische Berufsbildungssystem - Au c\u0153ur de l&#039;apprentissage<\/title>\n<meta name=\"robots\" content=\"index, follow, max-snippet:-1, max-image-preview:large, max-video-preview:-1\" \/>\n<link rel=\"canonical\" href=\"https:\/\/expo-apprentissage.ch\/de\/themes\/das-schweizerische-berufsbildungssystem\/\" \/>\n<meta property=\"og:locale\" content=\"de_DE\" \/>\n<meta property=\"og:type\" content=\"article\" \/>\n<meta property=\"og:title\" content=\"Das schweizerische Berufsbildungssystem - Au c\u0153ur de l&#039;apprentissage\" \/>\n<meta property=\"og:description\" content=\"\u00ab Die Berufslehre: der meist gew\u00e4hlte Bildungsweg von Jugendlichen \u00bb 68 Prozent der Jugendlichen, die sich f\u00fcr eine Berufsbildung entscheiden, beginnen eine Lehre, die an drei Lernorten stattfindet. Die berufspraktische Ausbildung erfolgt an drei bis vier Tagen pro Woche im Lehrbetrieb. An einem bis zwei Tagen pro Woche besuchen die Lernenden die Berufsfachschule. Beim dritten [&hellip;]\" \/>\n<meta property=\"og:url\" content=\"https:\/\/expo-apprentissage.ch\/de\/themes\/das-schweizerische-berufsbildungssystem\/\" \/>\n<meta property=\"og:site_name\" content=\"Au c\u0153ur de l&#039;apprentissage\" \/>\n<meta property=\"article:modified_time\" content=\"2021-06-03T14:50:51+00:00\" \/>\n<meta property=\"og:image\" content=\"https:\/\/expo-apprentissage.ch\/wp-content\/uploads\/2020\/01\/photo-fromagers.jpg\" \/>\n\t<meta property=\"og:image:width\" content=\"2560\" \/>\n\t<meta property=\"og:image:height\" content=\"1719\" \/>\n\t<meta property=\"og:image:type\" content=\"image\/jpeg\" \/>\n<meta name=\"twitter:card\" content=\"summary_large_image\" \/>\n<meta name=\"twitter:label1\" content=\"Gesch\u00e4tzte Lesezeit\" \/>\n\t<meta name=\"twitter:data1\" content=\"2\u00a0Minuten\" \/>\n<script type=\"application\/ld+json\" class=\"yoast-schema-graph\">{\"@context\":\"https:\\\/\\\/schema.org\",\"@graph\":[{\"@type\":\"WebPage\",\"@id\":\"https:\\\/\\\/expo-apprentissage.ch\\\/de\\\/themes\\\/das-schweizerische-berufsbildungssystem\\\/\",\"url\":\"https:\\\/\\\/expo-apprentissage.ch\\\/de\\\/themes\\\/das-schweizerische-berufsbildungssystem\\\/\",\"name\":\"Das schweizerische Berufsbildungssystem - Au c\u0153ur de l&#039;apprentissage\",\"isPartOf\":{\"@id\":\"https:\\\/\\\/expo-apprentissage.ch\\\/#website\"},\"primaryImageOfPage\":{\"@id\":\"https:\\\/\\\/expo-apprentissage.ch\\\/de\\\/themes\\\/das-schweizerische-berufsbildungssystem\\\/#primaryimage\"},\"image\":{\"@id\":\"https:\\\/\\\/expo-apprentissage.ch\\\/de\\\/themes\\\/das-schweizerische-berufsbildungssystem\\\/#primaryimage\"},\"thumbnailUrl\":\"https:\\\/\\\/expo-apprentissage.ch\\\/wp-content\\\/uploads\\\/2020\\\/01\\\/photo-fromagers.jpg\",\"datePublished\":\"2019-11-30T15:05:55+00:00\",\"dateModified\":\"2021-06-03T14:50:51+00:00\",\"breadcrumb\":{\"@id\":\"https:\\\/\\\/expo-apprentissage.ch\\\/de\\\/themes\\\/das-schweizerische-berufsbildungssystem\\\/#breadcrumb\"},\"inLanguage\":\"de\",\"potentialAction\":[{\"@type\":\"ReadAction\",\"target\":[\"https:\\\/\\\/expo-apprentissage.ch\\\/de\\\/themes\\\/das-schweizerische-berufsbildungssystem\\\/\"]}]},{\"@type\":\"ImageObject\",\"inLanguage\":\"de\",\"@id\":\"https:\\\/\\\/expo-apprentissage.ch\\\/de\\\/themes\\\/das-schweizerische-berufsbildungssystem\\\/#primaryimage\",\"url\":\"https:\\\/\\\/expo-apprentissage.ch\\\/wp-content\\\/uploads\\\/2020\\\/01\\\/photo-fromagers.jpg\",\"contentUrl\":\"https:\\\/\\\/expo-apprentissage.ch\\\/wp-content\\\/uploads\\\/2020\\\/01\\\/photo-fromagers.jpg\",\"width\":2560,\"height\":1719},{\"@type\":\"BreadcrumbList\",\"@id\":\"https:\\\/\\\/expo-apprentissage.ch\\\/de\\\/themes\\\/das-schweizerische-berufsbildungssystem\\\/#breadcrumb\",\"itemListElement\":[{\"@type\":\"ListItem\",\"position\":1,\"name\":\"Accueil\",\"item\":\"https:\\\/\\\/expo-apprentissage.ch\\\/de\\\/\"},{\"@type\":\"ListItem\",\"position\":2,\"name\":\"Themen\",\"item\":\"https:\\\/\\\/expo-apprentissage.ch\\\/de\\\/themes\\\/\"},{\"@type\":\"ListItem\",\"position\":3,\"name\":\"Das schweizerische Berufsbildungssystem\"}]},{\"@type\":\"WebSite\",\"@id\":\"https:\\\/\\\/expo-apprentissage.ch\\\/#website\",\"url\":\"https:\\\/\\\/expo-apprentissage.ch\\\/\",\"name\":\"Au c\u0153ur de l&#039;apprentissage\",\"description\":\"Exposition\",\"potentialAction\":[{\"@type\":\"SearchAction\",\"target\":{\"@type\":\"EntryPoint\",\"urlTemplate\":\"https:\\\/\\\/expo-apprentissage.ch\\\/?s={search_term_string}\"},\"query-input\":{\"@type\":\"PropertyValueSpecification\",\"valueRequired\":true,\"valueName\":\"search_term_string\"}}],\"inLanguage\":\"de\"}]}<\/script>\n<!-- \/ Yoast SEO plugin. -->","yoast_head_json":{"title":"Das schweizerische Berufsbildungssystem - Au c\u0153ur de l&#039;apprentissage","robots":{"index":"index","follow":"follow","max-snippet":"max-snippet:-1","max-image-preview":"max-image-preview:large","max-video-preview":"max-video-preview:-1"},"canonical":"https:\/\/expo-apprentissage.ch\/de\/themes\/das-schweizerische-berufsbildungssystem\/","og_locale":"de_DE","og_type":"article","og_title":"Das schweizerische Berufsbildungssystem - Au c\u0153ur de l&#039;apprentissage","og_description":"\u00ab Die Berufslehre: der meist gew\u00e4hlte Bildungsweg von Jugendlichen \u00bb 68 Prozent der Jugendlichen, die sich f\u00fcr eine Berufsbildung entscheiden, beginnen eine Lehre, die an drei Lernorten stattfindet. Die berufspraktische Ausbildung erfolgt an drei bis vier Tagen pro Woche im Lehrbetrieb. An einem bis zwei Tagen pro Woche besuchen die Lernenden die Berufsfachschule. Beim dritten [&hellip;]","og_url":"https:\/\/expo-apprentissage.ch\/de\/themes\/das-schweizerische-berufsbildungssystem\/","og_site_name":"Au c\u0153ur de l&#039;apprentissage","article_modified_time":"2021-06-03T14:50:51+00:00","og_image":[{"width":2560,"height":1719,"url":"https:\/\/expo-apprentissage.ch\/wp-content\/uploads\/2020\/01\/photo-fromagers.jpg","type":"image\/jpeg"}],"twitter_card":"summary_large_image","twitter_misc":{"Gesch\u00e4tzte Lesezeit":"2\u00a0Minuten"},"schema":{"@context":"https:\/\/schema.org","@graph":[{"@type":"WebPage","@id":"https:\/\/expo-apprentissage.ch\/de\/themes\/das-schweizerische-berufsbildungssystem\/","url":"https:\/\/expo-apprentissage.ch\/de\/themes\/das-schweizerische-berufsbildungssystem\/","name":"Das schweizerische Berufsbildungssystem - Au c\u0153ur de l&#039;apprentissage","isPartOf":{"@id":"https:\/\/expo-apprentissage.ch\/#website"},"primaryImageOfPage":{"@id":"https:\/\/expo-apprentissage.ch\/de\/themes\/das-schweizerische-berufsbildungssystem\/#primaryimage"},"image":{"@id":"https:\/\/expo-apprentissage.ch\/de\/themes\/das-schweizerische-berufsbildungssystem\/#primaryimage"},"thumbnailUrl":"https:\/\/expo-apprentissage.ch\/wp-content\/uploads\/2020\/01\/photo-fromagers.jpg","datePublished":"2019-11-30T15:05:55+00:00","dateModified":"2021-06-03T14:50:51+00:00","breadcrumb":{"@id":"https:\/\/expo-apprentissage.ch\/de\/themes\/das-schweizerische-berufsbildungssystem\/#breadcrumb"},"inLanguage":"de","potentialAction":[{"@type":"ReadAction","target":["https:\/\/expo-apprentissage.ch\/de\/themes\/das-schweizerische-berufsbildungssystem\/"]}]},{"@type":"ImageObject","inLanguage":"de","@id":"https:\/\/expo-apprentissage.ch\/de\/themes\/das-schweizerische-berufsbildungssystem\/#primaryimage","url":"https:\/\/expo-apprentissage.ch\/wp-content\/uploads\/2020\/01\/photo-fromagers.jpg","contentUrl":"https:\/\/expo-apprentissage.ch\/wp-content\/uploads\/2020\/01\/photo-fromagers.jpg","width":2560,"height":1719},{"@type":"BreadcrumbList","@id":"https:\/\/expo-apprentissage.ch\/de\/themes\/das-schweizerische-berufsbildungssystem\/#breadcrumb","itemListElement":[{"@type":"ListItem","position":1,"name":"Accueil","item":"https:\/\/expo-apprentissage.ch\/de\/"},{"@type":"ListItem","position":2,"name":"Themen","item":"https:\/\/expo-apprentissage.ch\/de\/themes\/"},{"@type":"ListItem","position":3,"name":"Das schweizerische Berufsbildungssystem"}]},{"@type":"WebSite","@id":"https:\/\/expo-apprentissage.ch\/#website","url":"https:\/\/expo-apprentissage.ch\/","name":"Au c\u0153ur de l&#039;apprentissage","description":"Exposition","potentialAction":[{"@type":"SearchAction","target":{"@type":"EntryPoint","urlTemplate":"https:\/\/expo-apprentissage.ch\/?s={search_term_string}"},"query-input":{"@type":"PropertyValueSpecification","valueRequired":true,"valueName":"search_term_string"}}],"inLanguage":"de"}]}},"_links":{"self":[{"href":"https:\/\/expo-apprentissage.ch\/de\/wp-json\/wp\/v2\/pages\/347","targetHints":{"allow":["GET"]}}],"collection":[{"href":"https:\/\/expo-apprentissage.ch\/de\/wp-json\/wp\/v2\/pages"}],"about":[{"href":"https:\/\/expo-apprentissage.ch\/de\/wp-json\/wp\/v2\/types\/page"}],"author":[{"embeddable":true,"href":"https:\/\/expo-apprentissage.ch\/de\/wp-json\/wp\/v2\/users\/1"}],"replies":[{"embeddable":true,"href":"https:\/\/expo-apprentissage.ch\/de\/wp-json\/wp\/v2\/comments?post=347"}],"version-history":[{"count":25,"href":"https:\/\/expo-apprentissage.ch\/de\/wp-json\/wp\/v2\/pages\/347\/revisions"}],"predecessor-version":[{"id":1401,"href":"https:\/\/expo-apprentissage.ch\/de\/wp-json\/wp\/v2\/pages\/347\/revisions\/1401"}],"up":[{"embeddable":true,"href":"https:\/\/expo-apprentissage.ch\/de\/wp-json\/wp\/v2\/pages\/348"}],"wp:featuredmedia":[{"embeddable":true,"href":"https:\/\/expo-apprentissage.ch\/de\/wp-json\/wp\/v2\/media\/396"}],"wp:attachment":[{"href":"https:\/\/expo-apprentissage.ch\/de\/wp-json\/wp\/v2\/media?parent=347"}],"curies":[{"name":"wp","href":"https:\/\/api.w.org\/{rel}","templated":true}]}}