{"id":344,"date":"2019-12-04T11:51:16","date_gmt":"2019-12-04T10:51:16","guid":{"rendered":"https:\/\/hawai.li\/apprentissage\/a-propos\/"},"modified":"2021-06-03T16:48:33","modified_gmt":"2021-06-03T14:48:33","slug":"weitere-infos","status":"publish","type":"page","link":"https:\/\/expo-apprentissage.ch\/de\/weitere-infos\/","title":{"rendered":"Weitere Infos"},"content":{"rendered":"\n<h2 class=\"wp-block-heading\"><strong>\u00ab Im Laufe einer Berufslehre \u00bb<\/strong><\/h2>\n\n\n\n<p>Die Ausstellung zeichnet einen vollst\u00e4ndigen Ausbildungsweg nach und beleuchtet den Ausbildungsalltag \u00abvon innen\u00bb. Die Besucher erfahren, wie ein Beruf vermittelt wird und wie aus Lernenden k\u00fcnftige Berufsleute werden. Die Ausstellung pr\u00e4sentiert die wichtigsten Stationen einer Lehre, thematisiert aber auch die Herausforderungen und Erfolge sowie die Schwierigkeiten, die im Verlauf einer Lehre auftreten k\u00f6nnen. Es beginnt mit der Anstellung: im Bewerbungsprozess m\u00fcssen sich die Jugendlichen von ihrer besten Seite zeigen und f\u00fcr die Lehrbetriebe gilt es, die oder den am besten f\u00fcr die Lehrstelle geeigneten k\u00fcnftige\/n Lernende\/n zu finden. In der Lehre selbst besteht das oberste Ziel in der Vermittlung des Berufs. Dabei spielt die Beziehung zwischen lernender Person und Berufsbildner\/in sowie zwischen lernender Person und Arbeitskolleginnen und -kollegen eine wichtige Rolle. Anders als in der Schule m\u00fcssen sich die Berufsbildner\/innen in den Betrieben noch um andere Dinge als \u00abnur\u00bb um die Ausbildung der Lernenden k\u00fcmmern. Sie m\u00fcssen das Gesch\u00e4ft am Laufen halten, ihrer produktiven Arbeit nachgehen und haben deshalb oft sehr wenig Zeit f\u00fcr die Betreuung der Lernenden. Am Ende der beruflichen Grundbildung gibt es etwas zu feiern: Der Berufsabschluss in Form eines eidgen\u00f6ssischen F\u00e4higkeitszeugnisses (EFZ) oder eines eidgen\u00f6ssischen Berufsattests (EBA) bedeutet, dass jemand bereit ist f\u00fcr die Berufswelt. Wer den Abschluss in der Tasche hat, hat die erste Etappe zur\u00fcckgelegt und kann jetzt in die Arbeitswelt einsteigen oder sich weiterbilden. Doch nicht immer gestaltet sich alles so einfach, im Laufe der Ausbildung k\u00f6nnen auch Probleme auftreten, so zum Beispiel bei der Lehrstellensuche, im Anstellungsprozess, im Alltag im Lehrbetrieb, am Ende der Ausbildung, wenn die Abschlusspr\u00fcfungen anstehen, oder nach der Lehre, wenn es gilt, die erste richtige Stelle zu suchen. All die Probleme, die in der Lehre auftauchen k\u00f6nnen, werden in der Ausstellung ebenfalls thematisiert. Damit soll verdeutlicht werden, dass eine berufliche Grundbildung nicht immer einfach ist. <\/p>\n\n\n\n<p>Die Ausstellung pr\u00e4sentiert die <a rel=\"noreferrer noopener\" aria-label=\"Ergebnisse verschiedener Studien (s\u2019ouvre dans un nouvel onglet)\" href=\"https:\/\/www.ehb.swiss\/forschungsfeld-21\" target=\"_blank\">Ergebnisse verschiedener Studien<\/a> zur beruflichen Ausbildung im Lehrbetrieb. Untersucht wurde sowohl die Situation der <a rel=\"noreferrer noopener\" aria-label=\"Lernenden  (s\u2019ouvre dans un nouvel onglet)\" href=\"https:\/\/www.ehb.swiss\/project\/lehrabbruch\" target=\"_blank\">Lernenden <\/a>als auch diejenige der <a rel=\"noreferrer noopener\" aria-label=\"Berufsbildner\/innen (s\u2019ouvre dans un nouvel onglet)\" href=\"https:\/\/www.ehb.swiss\/project\/betriebliche-berufsbildnerInnen-schluesselrolle\" target=\"_blank\">Berufsbildner\/innen<\/a> sowie der \u00dcbertritt von der Schule in die <a href=\"https:\/\/www.ehb.swiss\/project\/die-laufbahn-von-jugendlichen-nach-einem-lehrabbruch\" target=\"_blank\" rel=\"noreferrer noopener\" aria-label=\"Arbeitswelt (s\u2019ouvre dans un nouvel onglet)\">Arbeitswelt<\/a>. Die Eindr\u00fccke der befragten Personen werden mit Zahlen und Fakten erg\u00e4nzt. Die Arbeit der Forschenden besteht darin, alle Elemente zusammenzutragen und zu beleuchten, damit letztlich das Verst\u00e4ndnis f\u00fcr die Thematik w\u00e4chst.<\/p>\n\n\n\n<p>Die Ausstellung gastiert 2020 und 2021 an verschiedenen Berufs- und Ausbildungsmessen in der Romandie und stellt einem breiten Publikum den beliebtesten Bildungsweg der Schweiz vor, \u00fcber dessen Realit\u00e4ten noch nicht so viel bekannt ist.<\/p>\n","protected":false},"excerpt":{"rendered":"<p>\u00ab Im Laufe einer Berufslehre \u00bb Die Ausstellung zeichnet einen vollst\u00e4ndigen Ausbildungsweg nach und beleuchtet den Ausbildungsalltag \u00abvon innen\u00bb. Die Besucher erfahren, wie ein Beruf vermittelt wird und wie aus Lernenden k\u00fcnftige Berufsleute werden. Die Ausstellung pr\u00e4sentiert die wichtigsten Stationen einer Lehre, thematisiert aber auch die Herausforderungen und Erfolge sowie die Schwierigkeiten, die im Verlauf [&hellip;]<\/p>\n","protected":false},"author":1,"featured_media":398,"parent":0,"menu_order":16,"comment_status":"closed","ping_status":"closed","template":"","meta":{"_acf_changed":false,"footnotes":""},"class_list":["post-344","page","type-page","status-publish","has-post-thumbnail","hentry"],"acf":[],"yoast_head":"<!-- This site is optimized with the Yoast SEO plugin v27.3 - https:\/\/yoast.com\/product\/yoast-seo-wordpress\/ -->\n<title>Weitere Infos - Au c\u0153ur de l&#039;apprentissage<\/title>\n<meta name=\"robots\" content=\"index, follow, max-snippet:-1, max-image-preview:large, max-video-preview:-1\" \/>\n<link rel=\"canonical\" href=\"https:\/\/expo-apprentissage.ch\/de\/weitere-infos\/\" \/>\n<meta property=\"og:locale\" content=\"de_DE\" \/>\n<meta property=\"og:type\" content=\"article\" \/>\n<meta property=\"og:title\" content=\"Weitere Infos - Au c\u0153ur de l&#039;apprentissage\" \/>\n<meta property=\"og:description\" content=\"\u00ab Im Laufe einer Berufslehre \u00bb Die Ausstellung zeichnet einen vollst\u00e4ndigen Ausbildungsweg nach und beleuchtet den Ausbildungsalltag \u00abvon innen\u00bb. Die Besucher erfahren, wie ein Beruf vermittelt wird und wie aus Lernenden k\u00fcnftige Berufsleute werden. Die Ausstellung pr\u00e4sentiert die wichtigsten Stationen einer Lehre, thematisiert aber auch die Herausforderungen und Erfolge sowie die Schwierigkeiten, die im Verlauf [&hellip;]\" \/>\n<meta property=\"og:url\" content=\"https:\/\/expo-apprentissage.ch\/de\/weitere-infos\/\" \/>\n<meta property=\"og:site_name\" content=\"Au c\u0153ur de l&#039;apprentissage\" \/>\n<meta property=\"article:modified_time\" content=\"2021-06-03T14:48:33+00:00\" \/>\n<meta property=\"og:image\" content=\"https:\/\/expo-apprentissage.ch\/wp-content\/uploads\/2020\/01\/photo-2.jpg\" \/>\n\t<meta property=\"og:image:width\" content=\"1571\" \/>\n\t<meta property=\"og:image:height\" content=\"1080\" \/>\n\t<meta property=\"og:image:type\" content=\"image\/jpeg\" \/>\n<meta name=\"twitter:card\" content=\"summary_large_image\" \/>\n<meta name=\"twitter:label1\" content=\"Gesch\u00e4tzte Lesezeit\" \/>\n\t<meta name=\"twitter:data1\" content=\"2\u00a0Minuten\" \/>\n<script type=\"application\/ld+json\" class=\"yoast-schema-graph\">{\"@context\":\"https:\\\/\\\/schema.org\",\"@graph\":[{\"@type\":\"WebPage\",\"@id\":\"https:\\\/\\\/expo-apprentissage.ch\\\/de\\\/weitere-infos\\\/\",\"url\":\"https:\\\/\\\/expo-apprentissage.ch\\\/de\\\/weitere-infos\\\/\",\"name\":\"Weitere Infos - Au c\u0153ur de l&#039;apprentissage\",\"isPartOf\":{\"@id\":\"https:\\\/\\\/expo-apprentissage.ch\\\/#website\"},\"primaryImageOfPage\":{\"@id\":\"https:\\\/\\\/expo-apprentissage.ch\\\/de\\\/weitere-infos\\\/#primaryimage\"},\"image\":{\"@id\":\"https:\\\/\\\/expo-apprentissage.ch\\\/de\\\/weitere-infos\\\/#primaryimage\"},\"thumbnailUrl\":\"https:\\\/\\\/expo-apprentissage.ch\\\/wp-content\\\/uploads\\\/2020\\\/01\\\/photo-2.jpg\",\"datePublished\":\"2019-12-04T10:51:16+00:00\",\"dateModified\":\"2021-06-03T14:48:33+00:00\",\"breadcrumb\":{\"@id\":\"https:\\\/\\\/expo-apprentissage.ch\\\/de\\\/weitere-infos\\\/#breadcrumb\"},\"inLanguage\":\"de\",\"potentialAction\":[{\"@type\":\"ReadAction\",\"target\":[\"https:\\\/\\\/expo-apprentissage.ch\\\/de\\\/weitere-infos\\\/\"]}]},{\"@type\":\"ImageObject\",\"inLanguage\":\"de\",\"@id\":\"https:\\\/\\\/expo-apprentissage.ch\\\/de\\\/weitere-infos\\\/#primaryimage\",\"url\":\"https:\\\/\\\/expo-apprentissage.ch\\\/wp-content\\\/uploads\\\/2020\\\/01\\\/photo-2.jpg\",\"contentUrl\":\"https:\\\/\\\/expo-apprentissage.ch\\\/wp-content\\\/uploads\\\/2020\\\/01\\\/photo-2.jpg\",\"width\":1571,\"height\":1080},{\"@type\":\"BreadcrumbList\",\"@id\":\"https:\\\/\\\/expo-apprentissage.ch\\\/de\\\/weitere-infos\\\/#breadcrumb\",\"itemListElement\":[{\"@type\":\"ListItem\",\"position\":1,\"name\":\"Accueil\",\"item\":\"https:\\\/\\\/expo-apprentissage.ch\\\/de\\\/\"},{\"@type\":\"ListItem\",\"position\":2,\"name\":\"Weitere Infos\"}]},{\"@type\":\"WebSite\",\"@id\":\"https:\\\/\\\/expo-apprentissage.ch\\\/#website\",\"url\":\"https:\\\/\\\/expo-apprentissage.ch\\\/\",\"name\":\"Au c\u0153ur de l&#039;apprentissage\",\"description\":\"Exposition\",\"potentialAction\":[{\"@type\":\"SearchAction\",\"target\":{\"@type\":\"EntryPoint\",\"urlTemplate\":\"https:\\\/\\\/expo-apprentissage.ch\\\/?s={search_term_string}\"},\"query-input\":{\"@type\":\"PropertyValueSpecification\",\"valueRequired\":true,\"valueName\":\"search_term_string\"}}],\"inLanguage\":\"de\"}]}<\/script>\n<!-- \/ Yoast SEO plugin. -->","yoast_head_json":{"title":"Weitere Infos - Au c\u0153ur de l&#039;apprentissage","robots":{"index":"index","follow":"follow","max-snippet":"max-snippet:-1","max-image-preview":"max-image-preview:large","max-video-preview":"max-video-preview:-1"},"canonical":"https:\/\/expo-apprentissage.ch\/de\/weitere-infos\/","og_locale":"de_DE","og_type":"article","og_title":"Weitere Infos - Au c\u0153ur de l&#039;apprentissage","og_description":"\u00ab Im Laufe einer Berufslehre \u00bb Die Ausstellung zeichnet einen vollst\u00e4ndigen Ausbildungsweg nach und beleuchtet den Ausbildungsalltag \u00abvon innen\u00bb. Die Besucher erfahren, wie ein Beruf vermittelt wird und wie aus Lernenden k\u00fcnftige Berufsleute werden. Die Ausstellung pr\u00e4sentiert die wichtigsten Stationen einer Lehre, thematisiert aber auch die Herausforderungen und Erfolge sowie die Schwierigkeiten, die im Verlauf [&hellip;]","og_url":"https:\/\/expo-apprentissage.ch\/de\/weitere-infos\/","og_site_name":"Au c\u0153ur de l&#039;apprentissage","article_modified_time":"2021-06-03T14:48:33+00:00","og_image":[{"width":1571,"height":1080,"url":"https:\/\/expo-apprentissage.ch\/wp-content\/uploads\/2020\/01\/photo-2.jpg","type":"image\/jpeg"}],"twitter_card":"summary_large_image","twitter_misc":{"Gesch\u00e4tzte Lesezeit":"2\u00a0Minuten"},"schema":{"@context":"https:\/\/schema.org","@graph":[{"@type":"WebPage","@id":"https:\/\/expo-apprentissage.ch\/de\/weitere-infos\/","url":"https:\/\/expo-apprentissage.ch\/de\/weitere-infos\/","name":"Weitere Infos - Au c\u0153ur de l&#039;apprentissage","isPartOf":{"@id":"https:\/\/expo-apprentissage.ch\/#website"},"primaryImageOfPage":{"@id":"https:\/\/expo-apprentissage.ch\/de\/weitere-infos\/#primaryimage"},"image":{"@id":"https:\/\/expo-apprentissage.ch\/de\/weitere-infos\/#primaryimage"},"thumbnailUrl":"https:\/\/expo-apprentissage.ch\/wp-content\/uploads\/2020\/01\/photo-2.jpg","datePublished":"2019-12-04T10:51:16+00:00","dateModified":"2021-06-03T14:48:33+00:00","breadcrumb":{"@id":"https:\/\/expo-apprentissage.ch\/de\/weitere-infos\/#breadcrumb"},"inLanguage":"de","potentialAction":[{"@type":"ReadAction","target":["https:\/\/expo-apprentissage.ch\/de\/weitere-infos\/"]}]},{"@type":"ImageObject","inLanguage":"de","@id":"https:\/\/expo-apprentissage.ch\/de\/weitere-infos\/#primaryimage","url":"https:\/\/expo-apprentissage.ch\/wp-content\/uploads\/2020\/01\/photo-2.jpg","contentUrl":"https:\/\/expo-apprentissage.ch\/wp-content\/uploads\/2020\/01\/photo-2.jpg","width":1571,"height":1080},{"@type":"BreadcrumbList","@id":"https:\/\/expo-apprentissage.ch\/de\/weitere-infos\/#breadcrumb","itemListElement":[{"@type":"ListItem","position":1,"name":"Accueil","item":"https:\/\/expo-apprentissage.ch\/de\/"},{"@type":"ListItem","position":2,"name":"Weitere Infos"}]},{"@type":"WebSite","@id":"https:\/\/expo-apprentissage.ch\/#website","url":"https:\/\/expo-apprentissage.ch\/","name":"Au c\u0153ur de l&#039;apprentissage","description":"Exposition","potentialAction":[{"@type":"SearchAction","target":{"@type":"EntryPoint","urlTemplate":"https:\/\/expo-apprentissage.ch\/?s={search_term_string}"},"query-input":{"@type":"PropertyValueSpecification","valueRequired":true,"valueName":"search_term_string"}}],"inLanguage":"de"}]}},"_links":{"self":[{"href":"https:\/\/expo-apprentissage.ch\/de\/wp-json\/wp\/v2\/pages\/344","targetHints":{"allow":["GET"]}}],"collection":[{"href":"https:\/\/expo-apprentissage.ch\/de\/wp-json\/wp\/v2\/pages"}],"about":[{"href":"https:\/\/expo-apprentissage.ch\/de\/wp-json\/wp\/v2\/types\/page"}],"author":[{"embeddable":true,"href":"https:\/\/expo-apprentissage.ch\/de\/wp-json\/wp\/v2\/users\/1"}],"replies":[{"embeddable":true,"href":"https:\/\/expo-apprentissage.ch\/de\/wp-json\/wp\/v2\/comments?post=344"}],"version-history":[{"count":12,"href":"https:\/\/expo-apprentissage.ch\/de\/wp-json\/wp\/v2\/pages\/344\/revisions"}],"predecessor-version":[{"id":1395,"href":"https:\/\/expo-apprentissage.ch\/de\/wp-json\/wp\/v2\/pages\/344\/revisions\/1395"}],"wp:featuredmedia":[{"embeddable":true,"href":"https:\/\/expo-apprentissage.ch\/de\/wp-json\/wp\/v2\/media\/398"}],"wp:attachment":[{"href":"https:\/\/expo-apprentissage.ch\/de\/wp-json\/wp\/v2\/media?parent=344"}],"curies":[{"name":"wp","href":"https:\/\/api.w.org\/{rel}","templated":true}]}}