{"id":2086,"date":"2021-04-15T11:23:26","date_gmt":"2021-04-15T09:23:26","guid":{"rendered":"https:\/\/expo-apprentissage.ch\/visite-virtuelle\/"},"modified":"2023-04-24T11:26:49","modified_gmt":"2023-04-24T09:26:49","slug":"virtueller-besuch","status":"publish","type":"page","link":"https:\/\/expo-apprentissage.ch\/de\/virtueller-besuch\/","title":{"rendered":"Virtueller Besuch"},"content":{"rendered":"\n<figure class=\"wp-block-embed is-type-video is-provider-youtube wp-block-embed-youtube wp-embed-aspect-16-9 wp-has-aspect-ratio\"><div class=\"wp-block-embed__wrapper\">\n<iframe loading=\"lazy\" title=\"Im Herzen der Berufslehre\" width=\"500\" height=\"281\" src=\"https:\/\/www.youtube.com\/embed\/mUznDzf1z9E?feature=oembed\" frameborder=\"0\" allow=\"accelerometer; autoplay; clipboard-write; encrypted-media; gyroscope; picture-in-picture; web-share\" referrerpolicy=\"strict-origin-when-cross-origin\" allowfullscreen><\/iframe>\n<\/div><\/figure>\n\n\n\n<p>Virtueller Besuch der 3D-Ausstellung (auf Franz\u00f6sisch). EHB &amp; Coll\u00e8ge du travail, 2021.<\/p>\n\n\n\n<p>Online 3D-Ausstellung (Franz\u00f6sische Ausgabe):<\/p>\n","protected":false},"excerpt":{"rendered":"<p>Virtueller Besuch der 3D-Ausstellung (auf Franz\u00f6sisch). EHB &amp; Coll\u00e8ge du travail, 2021. Online 3D-Ausstellung (Franz\u00f6sische Ausgabe):<\/p>\n","protected":false},"author":1,"featured_media":0,"parent":0,"menu_order":7,"comment_status":"closed","ping_status":"closed","template":"template-visite-virtuelle.php","meta":{"_acf_changed":false,"footnotes":""},"class_list":["post-2086","page","type-page","status-publish","hentry"],"acf":[],"yoast_head":"<!-- This site is optimized with the Yoast SEO plugin v27.2 - https:\/\/yoast.com\/product\/yoast-seo-wordpress\/ -->\n<title>Virtueller Besuch - Au c\u0153ur de l&#039;apprentissage<\/title>\n<meta name=\"robots\" content=\"index, follow, max-snippet:-1, max-image-preview:large, max-video-preview:-1\" \/>\n<link rel=\"canonical\" href=\"https:\/\/expo-apprentissage.ch\/de\/virtueller-besuch\/\" \/>\n<meta property=\"og:locale\" content=\"de_DE\" \/>\n<meta property=\"og:type\" content=\"article\" \/>\n<meta property=\"og:title\" content=\"Virtueller Besuch - Au c\u0153ur de l&#039;apprentissage\" \/>\n<meta property=\"og:description\" content=\"Virtueller Besuch der 3D-Ausstellung (auf Franz\u00f6sisch). EHB &amp; Coll\u00e8ge du travail, 2021. Online 3D-Ausstellung (Franz\u00f6sische Ausgabe):\" \/>\n<meta property=\"og:url\" content=\"https:\/\/expo-apprentissage.ch\/de\/virtueller-besuch\/\" \/>\n<meta property=\"og:site_name\" content=\"Au c\u0153ur de l&#039;apprentissage\" \/>\n<meta property=\"article:modified_time\" content=\"2023-04-24T09:26:49+00:00\" \/>\n<meta name=\"twitter:card\" content=\"summary_large_image\" \/>\n<meta name=\"twitter:label1\" content=\"Gesch\u00e4tzte Lesezeit\" \/>\n\t<meta name=\"twitter:data1\" content=\"1\u00a0Minute\" \/>\n<script type=\"application\/ld+json\" class=\"yoast-schema-graph\">{\"@context\":\"https:\/\/schema.org\",\"@graph\":[{\"@type\":\"WebPage\",\"@id\":\"https:\/\/expo-apprentissage.ch\/de\/virtueller-besuch\/\",\"url\":\"https:\/\/expo-apprentissage.ch\/de\/virtueller-besuch\/\",\"name\":\"Virtueller Besuch - Au c\u0153ur de l&#039;apprentissage\",\"isPartOf\":{\"@id\":\"https:\/\/expo-apprentissage.ch\/#website\"},\"datePublished\":\"2021-04-15T09:23:26+00:00\",\"dateModified\":\"2023-04-24T09:26:49+00:00\",\"breadcrumb\":{\"@id\":\"https:\/\/expo-apprentissage.ch\/de\/virtueller-besuch\/#breadcrumb\"},\"inLanguage\":\"de\",\"potentialAction\":[{\"@type\":\"ReadAction\",\"target\":[\"https:\/\/expo-apprentissage.ch\/de\/virtueller-besuch\/\"]}]},{\"@type\":\"BreadcrumbList\",\"@id\":\"https:\/\/expo-apprentissage.ch\/de\/virtueller-besuch\/#breadcrumb\",\"itemListElement\":[{\"@type\":\"ListItem\",\"position\":1,\"name\":\"Accueil\",\"item\":\"https:\/\/expo-apprentissage.ch\/de\/\"},{\"@type\":\"ListItem\",\"position\":2,\"name\":\"Virtueller Besuch\"}]},{\"@type\":\"WebSite\",\"@id\":\"https:\/\/expo-apprentissage.ch\/#website\",\"url\":\"https:\/\/expo-apprentissage.ch\/\",\"name\":\"Au c\u0153ur de l&#039;apprentissage\",\"description\":\"Exposition\",\"potentialAction\":[{\"@type\":\"SearchAction\",\"target\":{\"@type\":\"EntryPoint\",\"urlTemplate\":\"https:\/\/expo-apprentissage.ch\/?s={search_term_string}\"},\"query-input\":{\"@type\":\"PropertyValueSpecification\",\"valueRequired\":true,\"valueName\":\"search_term_string\"}}],\"inLanguage\":\"de\"}]}<\/script>\n<!-- \/ Yoast SEO plugin. -->","yoast_head_json":{"title":"Virtueller Besuch - Au c\u0153ur de l&#039;apprentissage","robots":{"index":"index","follow":"follow","max-snippet":"max-snippet:-1","max-image-preview":"max-image-preview:large","max-video-preview":"max-video-preview:-1"},"canonical":"https:\/\/expo-apprentissage.ch\/de\/virtueller-besuch\/","og_locale":"de_DE","og_type":"article","og_title":"Virtueller Besuch - Au c\u0153ur de l&#039;apprentissage","og_description":"Virtueller Besuch der 3D-Ausstellung (auf Franz\u00f6sisch). EHB &amp; Coll\u00e8ge du travail, 2021. Online 3D-Ausstellung (Franz\u00f6sische Ausgabe):","og_url":"https:\/\/expo-apprentissage.ch\/de\/virtueller-besuch\/","og_site_name":"Au c\u0153ur de l&#039;apprentissage","article_modified_time":"2023-04-24T09:26:49+00:00","twitter_card":"summary_large_image","twitter_misc":{"Gesch\u00e4tzte Lesezeit":"1\u00a0Minute"},"schema":{"@context":"https:\/\/schema.org","@graph":[{"@type":"WebPage","@id":"https:\/\/expo-apprentissage.ch\/de\/virtueller-besuch\/","url":"https:\/\/expo-apprentissage.ch\/de\/virtueller-besuch\/","name":"Virtueller Besuch - Au c\u0153ur de l&#039;apprentissage","isPartOf":{"@id":"https:\/\/expo-apprentissage.ch\/#website"},"datePublished":"2021-04-15T09:23:26+00:00","dateModified":"2023-04-24T09:26:49+00:00","breadcrumb":{"@id":"https:\/\/expo-apprentissage.ch\/de\/virtueller-besuch\/#breadcrumb"},"inLanguage":"de","potentialAction":[{"@type":"ReadAction","target":["https:\/\/expo-apprentissage.ch\/de\/virtueller-besuch\/"]}]},{"@type":"BreadcrumbList","@id":"https:\/\/expo-apprentissage.ch\/de\/virtueller-besuch\/#breadcrumb","itemListElement":[{"@type":"ListItem","position":1,"name":"Accueil","item":"https:\/\/expo-apprentissage.ch\/de\/"},{"@type":"ListItem","position":2,"name":"Virtueller Besuch"}]},{"@type":"WebSite","@id":"https:\/\/expo-apprentissage.ch\/#website","url":"https:\/\/expo-apprentissage.ch\/","name":"Au c\u0153ur de l&#039;apprentissage","description":"Exposition","potentialAction":[{"@type":"SearchAction","target":{"@type":"EntryPoint","urlTemplate":"https:\/\/expo-apprentissage.ch\/?s={search_term_string}"},"query-input":{"@type":"PropertyValueSpecification","valueRequired":true,"valueName":"search_term_string"}}],"inLanguage":"de"}]}},"_links":{"self":[{"href":"https:\/\/expo-apprentissage.ch\/de\/wp-json\/wp\/v2\/pages\/2086","targetHints":{"allow":["GET"]}}],"collection":[{"href":"https:\/\/expo-apprentissage.ch\/de\/wp-json\/wp\/v2\/pages"}],"about":[{"href":"https:\/\/expo-apprentissage.ch\/de\/wp-json\/wp\/v2\/types\/page"}],"author":[{"embeddable":true,"href":"https:\/\/expo-apprentissage.ch\/de\/wp-json\/wp\/v2\/users\/1"}],"replies":[{"embeddable":true,"href":"https:\/\/expo-apprentissage.ch\/de\/wp-json\/wp\/v2\/comments?post=2086"}],"version-history":[{"count":6,"href":"https:\/\/expo-apprentissage.ch\/de\/wp-json\/wp\/v2\/pages\/2086\/revisions"}],"predecessor-version":[{"id":3101,"href":"https:\/\/expo-apprentissage.ch\/de\/wp-json\/wp\/v2\/pages\/2086\/revisions\/3101"}],"wp:attachment":[{"href":"https:\/\/expo-apprentissage.ch\/de\/wp-json\/wp\/v2\/media?parent=2086"}],"curies":[{"name":"wp","href":"https:\/\/api.w.org\/{rel}","templated":true}]}}